{"id":65,"date":"2024-02-08T11:18:30","date_gmt":"2024-02-08T10:18:30","guid":{"rendered":"https:\/\/sofienviaje.wordpress.com\/?page_id=65"},"modified":"2024-03-01T07:27:57","modified_gmt":"2024-03-01T10:27:57","slug":"about-me","status":"publish","type":"page","link":"https:\/\/sofienviaje.com\/en\/about-me\/","title":{"rendered":"About me"},"content":{"rendered":"<h1 class=\"wp-block-heading has-text-align-center\">Un poco acerca de la persona detr\u00e1s del sitio<\/h1>\n\n\n\n<p>Me llamo <strong>Sofi D&#8217;alesio<\/strong> y en el 2018 me anim\u00e9 a cumplir mi sue\u00f1o de mudarme desde Buenos Aires (Argentina) a Europa para seguir creciendo, conociendo, cumpliendo objetivos y viajando.&nbsp;<\/p>\n\n\n\n<p>Me mude al sur de Italia para poder estar m\u00e1s cerca de los destinos que me apasionan y tener la oportunidad de viajar de manera m\u00e1s frecuente. En todo ese proceso me pasaron cosas inesperadas. Una de esas fue que ac\u00e1 conoc\u00ed a Andrea, el que hoy es mi marido y con quien comparto mi vida y los viajes.<\/p>\n\n\n\n<p>Soy periodista especializada en espect\u00e1culos y viajes. Adem\u00e1s de entrevistar famosos como Ed Sheeran, Sof\u00eda Carson, Dove Cameron, Brandon Flynn, entre otros, disfruto mucho de escribir y compartir informaci\u00f3n que puede ser valiosa para los dem\u00e1s.<\/p>\n\n\n\n<p><\/p>\n\n\n<div class=\"wp-block-image\">\n<figure class=\"aligncenter is-resized\"><img loading=\"lazy\" decoding=\"async\" width=\"1224\" height=\"686\" src=\"https:\/\/sofienviaje.com\/wp-content\/uploads\/2024\/02\/img_7587.jpg\" alt=\"Ed Sheeran entrevista con Sofi Dalesio\" class=\"wp-image-608\" style=\"width:717px;height:auto\" srcset=\"https:\/\/sofienviaje.com\/wp-content\/uploads\/2024\/02\/img_7587.jpg 1224w, https:\/\/sofienviaje.com\/wp-content\/uploads\/2024\/02\/img_7587-300x168.jpg 300w, https:\/\/sofienviaje.com\/wp-content\/uploads\/2024\/02\/img_7587-1024x574.jpg 1024w, https:\/\/sofienviaje.com\/wp-content\/uploads\/2024\/02\/img_7587-768x430.jpg 768w\" sizes=\"auto, (max-width: 1224px) 100vw, 1224px\" \/><\/figure>\n<\/div>\n\n\n<p><\/p>\n\n\n\n<p>Inspirada en mis ganas de transmitir todo lo que aprend\u00ed y aprendo en estos a\u00f1os de viajes y vida en el exterior, decid\u00ed crear un <a href=\"https:\/\/www.instagram.com\/ssofid\" target=\"_blank\" rel=\"noreferrer noopener\">Instagram<\/a> donde poder comunicar con otros viajeros y ayudarnos entre todos a viajar de manera mas f\u00e1cil y segura.<\/p>\n\n\n\n<p>Gracias a las redes sociales es que cree tambi\u00e9n este espacio para que podamos conversar, intercambiar ideas e informarnos.&nbsp;Un <a href=\"https:\/\/sofienviaje.com\/en\/\" target=\"_blank\" rel=\"noreferrer noopener\">blog<\/a> donde vas a poder tener al alcance gu\u00edas de viaje e informaci\u00f3n sobre tus destinos preferidos. <\/p>\n\n\n\n<p>Este espacio busca ayudarte a que puedas armar y organizar tu proximo viaje de la mejor manera y de forma aut\u00f3noma. Mi objetivo principal es que estos consejos te sirvan de verdad. Por eso, no dudes en contactarme si ten\u00e9s dudas sobre alg\u00fan destino o cuesti\u00f3n en particular. Me encanta que podamos hacer de este espacio un ida y vuelta infinito!<\/p>\n\n\n\n<p>Te agradezco por estar ac\u00e1 y seguimos en contacto tambi\u00e9n a trav\u00e9s de mis redes que te comparto a continuaci\u00f3n:<\/p>\n\n\n\n<ul class=\"wp-block-social-links is-layout-flex wp-block-social-links-is-layout-flex\"><li class=\"wp-social-link wp-social-link-instagram  wp-block-social-link\"><a href=\"https:\/\/www.instagram.com\/ssofid\" class=\"wp-block-social-link-anchor\"><svg width=\"24\" height=\"24\" viewbox=\"0 0 24 24\" version=\"1.1\" xmlns=\"http:\/\/www.w3.org\/2000\/svg\" aria-hidden=\"true\" focusable=\"false\"><path d=\"M12,4.622c2.403,0,2.688,0.009,3.637,0.052c0.877,0.04,1.354,0.187,1.671,0.31c0.42,0.163,0.72,0.358,1.035,0.673 c0.315,0.315,0.51,0.615,0.673,1.035c0.123,0.317,0.27,0.794,0.31,1.671c0.043,0.949,0.052,1.234,0.052,3.637 s-0.009,2.688-0.052,3.637c-0.04,0.877-0.187,1.354-0.31,1.671c-0.163,0.42-0.358,0.72-0.673,1.035 c-0.315,0.315-0.615,0.51-1.035,0.673c-0.317,0.123-0.794,0.27-1.671,0.31c-0.949,0.043-1.233,0.052-3.637,0.052 s-2.688-0.009-3.637-0.052c-0.877-0.04-1.354-0.187-1.671-0.31c-0.42-0.163-0.72-0.358-1.035-0.673 c-0.315-0.315-0.51-0.615-0.673-1.035c-0.123-0.317-0.27-0.794-0.31-1.671C4.631,14.688,4.622,14.403,4.622,12 s0.009-2.688,0.052-3.637c0.04-0.877,0.187-1.354,0.31-1.671c0.163-0.42,0.358-0.72,0.673-1.035 c0.315-0.315,0.615-0.51,1.035-0.673c0.317-0.123,0.794-0.27,1.671-0.31C9.312,4.631,9.597,4.622,12,4.622 M12,3 C9.556,3,9.249,3.01,8.289,3.054C7.331,3.098,6.677,3.25,6.105,3.472C5.513,3.702,5.011,4.01,4.511,4.511 c-0.5,0.5-0.808,1.002-1.038,1.594C3.25,6.677,3.098,7.331,3.054,8.289C3.01,9.249,3,9.556,3,12c0,2.444,0.01,2.751,0.054,3.711 c0.044,0.958,0.196,1.612,0.418,2.185c0.23,0.592,0.538,1.094,1.038,1.594c0.5,0.5,1.002,0.808,1.594,1.038 c0.572,0.222,1.227,0.375,2.185,0.418C9.249,20.99,9.556,21,12,21s2.751-0.01,3.711-0.054c0.958-0.044,1.612-0.196,2.185-0.418 c0.592-0.23,1.094-0.538,1.594-1.038c0.5-0.5,0.808-1.002,1.038-1.594c0.222-0.572,0.375-1.227,0.418-2.185 C20.99,14.751,21,14.444,21,12s-0.01-2.751-0.054-3.711c-0.044-0.958-0.196-1.612-0.418-2.185c-0.23-0.592-0.538-1.094-1.038-1.594 c-0.5-0.5-1.002-0.808-1.594-1.038c-0.572-0.222-1.227-0.375-2.185-0.418C14.751,3.01,14.444,3,12,3L12,3z M12,7.378 c-2.552,0-4.622,2.069-4.622,4.622S9.448,16.622,12,16.622s4.622-2.069,4.622-4.622S14.552,7.378,12,7.378z M12,15 c-1.657,0-3-1.343-3-3s1.343-3,3-3s3,1.343,3,3S13.657,15,12,15z M16.804,6.116c-0.596,0-1.08,0.484-1.08,1.08 s0.484,1.08,1.08,1.08c0.596,0,1.08-0.484,1.08-1.08S17.401,6.116,16.804,6.116z\"><\/path><\/svg><span class=\"wp-block-social-link-label screen-reader-text\">Instagram<\/span><\/a><\/li>\n\n<li class=\"wp-social-link wp-social-link-tiktok  wp-block-social-link\"><a href=\"http:\/\/tiktok.com\/@ssofid\" class=\"wp-block-social-link-anchor\"><svg width=\"24\" height=\"24\" viewbox=\"0 0 32 32\" version=\"1.1\" xmlns=\"http:\/\/www.w3.org\/2000\/svg\" aria-hidden=\"true\" focusable=\"false\"><path d=\"M16.708 0.027c1.745-0.027 3.48-0.011 5.213-0.027 0.105 2.041 0.839 4.12 2.333 5.563 1.491 1.479 3.6 2.156 5.652 2.385v5.369c-1.923-0.063-3.855-0.463-5.6-1.291-0.76-0.344-1.468-0.787-2.161-1.24-0.009 3.896 0.016 7.787-0.025 11.667-0.104 1.864-0.719 3.719-1.803 5.255-1.744 2.557-4.771 4.224-7.88 4.276-1.907 0.109-3.812-0.411-5.437-1.369-2.693-1.588-4.588-4.495-4.864-7.615-0.032-0.667-0.043-1.333-0.016-1.984 0.24-2.537 1.495-4.964 3.443-6.615 2.208-1.923 5.301-2.839 8.197-2.297 0.027 1.975-0.052 3.948-0.052 5.923-1.323-0.428-2.869-0.308-4.025 0.495-0.844 0.547-1.485 1.385-1.819 2.333-0.276 0.676-0.197 1.427-0.181 2.145 0.317 2.188 2.421 4.027 4.667 3.828 1.489-0.016 2.916-0.88 3.692-2.145 0.251-0.443 0.532-0.896 0.547-1.417 0.131-2.385 0.079-4.76 0.095-7.145 0.011-5.375-0.016-10.735 0.025-16.093z\" \/><\/svg><span class=\"wp-block-social-link-label screen-reader-text\">TikTok<\/span><\/a><\/li>\n\n<li class=\"wp-social-link wp-social-link-twitter  wp-block-social-link\"><a href=\"http:\/\/twitter.com\/ssofid\" class=\"wp-block-social-link-anchor\"><svg width=\"24\" height=\"24\" viewbox=\"0 0 24 24\" version=\"1.1\" xmlns=\"http:\/\/www.w3.org\/2000\/svg\" aria-hidden=\"true\" focusable=\"false\"><path d=\"M22.23,5.924c-0.736,0.326-1.527,0.547-2.357,0.646c0.847-0.508,1.498-1.312,1.804-2.27 c-0.793,0.47-1.671,0.812-2.606,0.996C18.324,4.498,17.257,4,16.077,4c-2.266,0-4.103,1.837-4.103,4.103 c0,0.322,0.036,0.635,0.106,0.935C8.67,8.867,5.647,7.234,3.623,4.751C3.27,5.357,3.067,6.062,3.067,6.814 c0,1.424,0.724,2.679,1.825,3.415c-0.673-0.021-1.305-0.206-1.859-0.513c0,0.017,0,0.034,0,0.052c0,1.988,1.414,3.647,3.292,4.023 c-0.344,0.094-0.707,0.144-1.081,0.144c-0.264,0-0.521-0.026-0.772-0.074c0.522,1.63,2.038,2.816,3.833,2.85 c-1.404,1.1-3.174,1.756-5.096,1.756c-0.331,0-0.658-0.019-0.979-0.057c1.816,1.164,3.973,1.843,6.29,1.843 c7.547,0,11.675-6.252,11.675-11.675c0-0.178-0.004-0.355-0.012-0.531C20.985,7.47,21.68,6.747,22.23,5.924z\"><\/path><\/svg><span class=\"wp-block-social-link-label screen-reader-text\">Twitter<\/span><\/a><\/li><\/ul>\n\n\n<div class=\"wp-block-image\">\n<figure class=\"aligncenter is-resized\"><img loading=\"lazy\" decoding=\"async\" width=\"441\" height=\"504\" src=\"https:\/\/sofienviaje.com\/wp-content\/uploads\/2024\/03\/Schermata-2024-02-07-alle-16.39.15-e1709288760798.png\" alt=\"sofi Dalesio\" class=\"wp-image-1369\" style=\"width:336px;height:auto\" srcset=\"https:\/\/sofienviaje.com\/wp-content\/uploads\/2024\/03\/Schermata-2024-02-07-alle-16.39.15-e1709288760798.png 441w, https:\/\/sofienviaje.com\/wp-content\/uploads\/2024\/03\/Schermata-2024-02-07-alle-16.39.15-e1709288760798-263x300.png 263w\" sizes=\"auto, (max-width: 441px) 100vw, 441px\" \/><\/figure>\n<\/div>","protected":false},"excerpt":{"rendered":"<p>Un poco acerca de la persona detr\u00e1s del sitio Me llamo Sofi D&#8217;alesio y en el 2018 me anim\u00e9 a cumplir mi sue\u00f1o de mudarme desde Buenos Aires (Argentina) a Europa para seguir creciendo, conociendo, cumpliendo objetivos y viajando.&nbsp; Me mude al sur de Italia para poder estar m\u00e1s cerca de los destinos que me apasionan y tener la oportunidad de viajar de manera m\u00e1s frecuente. En todo ese proceso me pasaron cosas inesperadas. Una de esas fue que ac\u00e1 conoc\u00ed a Andrea, el que hoy es mi marido y con quien comparto mi vida y los viajes. Soy periodista especializada en espect\u00e1culos y viajes. Adem\u00e1s de entrevistar famosos como Ed Sheeran, Sof\u00eda Carson, Dove Cameron, Brandon Flynn, entre otros, disfruto mucho de escribir y compartir informaci\u00f3n que puede ser valiosa para los dem\u00e1s. Inspirada en mis ganas de transmitir todo lo que aprend\u00ed y aprendo en estos a\u00f1os de viajes y vida en el exterior, decid\u00ed crear un Instagram donde poder comunicar con otros viajeros y ayudarnos entre todos a viajar de manera mas f\u00e1cil y segura. Gracias a las redes sociales es que cree tambi\u00e9n este espacio para que podamos conversar, intercambiar ideas e informarnos.&nbsp;Un blog donde vas a poder tener al alcance gu\u00edas de viaje e informaci\u00f3n sobre tus destinos preferidos. Este espacio busca ayudarte a que puedas armar y organizar tu proximo viaje de la mejor manera y de forma aut\u00f3noma. Mi objetivo principal es que estos consejos te sirvan de verdad. Por eso, no dudes en contactarme si ten\u00e9s dudas sobre alg\u00fan destino o cuesti\u00f3n en particular. Me encanta que podamos hacer de este espacio un ida y vuelta infinito! Te agradezco por estar ac\u00e1 y seguimos en contacto tambi\u00e9n a trav\u00e9s de mis redes que te comparto a continuaci\u00f3n:<\/p>","protected":false},"author":2,"featured_media":0,"parent":0,"menu_order":0,"comment_status":"closed","ping_status":"closed","template":"","meta":{"_uf_show_specific_survey":0,"_uf_disable_surveys":false,"footnotes":""},"class_list":["post-65","page","type-page","status-publish","hentry"],"yoast_head":"<!-- This site is optimized with the Yoast SEO plugin v27.6 - https:\/\/yoast.com\/product\/yoast-seo-wordpress\/ -->\n<title>Sobre m\u00ed &#8212; Sofi En Viaje %<\/title>\n<meta name=\"description\" content=\"qui\u00e9n es Sofi D&#039;alesio, la periodista y autora de sofi en viaje, el blog con consejos para viajar por italia y el mundo.\" \/>\n<meta name=\"robots\" content=\"index, follow, max-snippet:-1, max-image-preview:large, max-video-preview:-1\" \/>\n<link rel=\"canonical\" href=\"https:\/\/sofienviaje.com\/en\/about-me\/\" \/>\n<meta property=\"og:locale\" content=\"en_US\" \/>\n<meta property=\"og:type\" content=\"article\" \/>\n<meta property=\"og:title\" content=\"Sobre m\u00ed &#8212; Sofi En Viaje %\" \/>\n<meta property=\"og:description\" content=\"qui\u00e9n es Sofi D&#039;alesio, la periodista y autora de sofi en viaje, el blog con consejos para viajar por italia y el mundo.\" \/>\n<meta property=\"og:url\" content=\"https:\/\/sofienviaje.com\/en\/about-me\/\" \/>\n<meta property=\"og:site_name\" content=\"Sofi En Viaje\" \/>\n<meta property=\"article:modified_time\" content=\"2024-03-01T10:27:57+00:00\" \/>\n<meta property=\"og:image\" content=\"https:\/\/sofienviaje.com\/wp-content\/uploads\/2024\/02\/img_7587.jpg\" \/>\n<meta name=\"twitter:card\" content=\"summary_large_image\" \/>\n<meta name=\"twitter:label1\" content=\"Est. reading time\" \/>\n\t<meta name=\"twitter:data1\" content=\"2 minutes\" \/>\n<script type=\"application\/ld+json\" class=\"yoast-schema-graph\">{\"@context\":\"https:\\\/\\\/schema.org\",\"@graph\":[{\"@type\":\"WebPage\",\"@id\":\"https:\\\/\\\/sofienviaje.com\\\/about-me\\\/\",\"url\":\"https:\\\/\\\/sofienviaje.com\\\/about-me\\\/\",\"name\":\"Sobre m\u00ed &#8212; Sofi En Viaje %\",\"isPartOf\":{\"@id\":\"https:\\\/\\\/sofienviaje.com\\\/#website\"},\"primaryImageOfPage\":{\"@id\":\"https:\\\/\\\/sofienviaje.com\\\/about-me\\\/#primaryimage\"},\"image\":{\"@id\":\"https:\\\/\\\/sofienviaje.com\\\/about-me\\\/#primaryimage\"},\"thumbnailUrl\":\"https:\\\/\\\/sofienviaje.com\\\/wp-content\\\/uploads\\\/2024\\\/02\\\/img_7587.jpg\",\"datePublished\":\"2024-02-08T10:18:30+00:00\",\"dateModified\":\"2024-03-01T10:27:57+00:00\",\"description\":\"qui\u00e9n es Sofi D'alesio, la periodista y autora de sofi en viaje, el blog con consejos para viajar por italia y el mundo.\",\"breadcrumb\":{\"@id\":\"https:\\\/\\\/sofienviaje.com\\\/about-me\\\/#breadcrumb\"},\"inLanguage\":\"en-US\",\"potentialAction\":[{\"@type\":\"ReadAction\",\"target\":[\"https:\\\/\\\/sofienviaje.com\\\/about-me\\\/\"]}]},{\"@type\":\"ImageObject\",\"inLanguage\":\"en-US\",\"@id\":\"https:\\\/\\\/sofienviaje.com\\\/about-me\\\/#primaryimage\",\"url\":\"https:\\\/\\\/sofienviaje.com\\\/wp-content\\\/uploads\\\/2024\\\/02\\\/img_7587.jpg\",\"contentUrl\":\"https:\\\/\\\/sofienviaje.com\\\/wp-content\\\/uploads\\\/2024\\\/02\\\/img_7587.jpg\"},{\"@type\":\"BreadcrumbList\",\"@id\":\"https:\\\/\\\/sofienviaje.com\\\/about-me\\\/#breadcrumb\",\"itemListElement\":[{\"@type\":\"ListItem\",\"position\":1,\"name\":\"Inicio\",\"item\":\"https:\\\/\\\/sofienviaje.com\\\/\"},{\"@type\":\"ListItem\",\"position\":2,\"name\":\"Sobre m\u00ed\"}]},{\"@type\":\"WebSite\",\"@id\":\"https:\\\/\\\/sofienviaje.com\\\/#website\",\"url\":\"https:\\\/\\\/sofienviaje.com\\\/\",\"name\":\"En Viaje\",\"description\":\"Consejos viajeros y la vida en Italia\",\"publisher\":{\"@id\":\"https:\\\/\\\/sofienviaje.com\\\/#organization\"},\"potentialAction\":[{\"@type\":\"SearchAction\",\"target\":{\"@type\":\"EntryPoint\",\"urlTemplate\":\"https:\\\/\\\/sofienviaje.com\\\/?s={search_term_string}\"},\"query-input\":{\"@type\":\"PropertyValueSpecification\",\"valueRequired\":true,\"valueName\":\"search_term_string\"}}],\"inLanguage\":\"en-US\"},{\"@type\":\"Organization\",\"@id\":\"https:\\\/\\\/sofienviaje.com\\\/#organization\",\"name\":\"Sofi En Viaje\",\"url\":\"https:\\\/\\\/sofienviaje.com\\\/\",\"logo\":{\"@type\":\"ImageObject\",\"inLanguage\":\"en-US\",\"@id\":\"https:\\\/\\\/sofienviaje.com\\\/#\\\/schema\\\/logo\\\/image\\\/\",\"url\":\"https:\\\/\\\/sofienviaje.com\\\/wp-content\\\/uploads\\\/2026\\\/02\\\/Pink-Bold-Colorful-Handwritten-Lifestyle-Blogger-Logo-2.png\",\"contentUrl\":\"https:\\\/\\\/sofienviaje.com\\\/wp-content\\\/uploads\\\/2026\\\/02\\\/Pink-Bold-Colorful-Handwritten-Lifestyle-Blogger-Logo-2.png\",\"width\":500,\"height\":500,\"caption\":\"Sofi En Viaje\"},\"image\":{\"@id\":\"https:\\\/\\\/sofienviaje.com\\\/#\\\/schema\\\/logo\\\/image\\\/\"}}]}<\/script>\n<!-- \/ Yoast SEO plugin. -->","yoast_head_json":{"title":"Sobre m\u00ed &#8212; Sofi En Viaje %","description":"qui\u00e9n es Sofi D'alesio, la periodista y autora de sofi en viaje, el blog con consejos para viajar por italia y el mundo.","robots":{"index":"index","follow":"follow","max-snippet":"max-snippet:-1","max-image-preview":"max-image-preview:large","max-video-preview":"max-video-preview:-1"},"canonical":"https:\/\/sofienviaje.com\/en\/about-me\/","og_locale":"en_US","og_type":"article","og_title":"Sobre m\u00ed &#8212; Sofi En Viaje %","og_description":"qui\u00e9n es Sofi D'alesio, la periodista y autora de sofi en viaje, el blog con consejos para viajar por italia y el mundo.","og_url":"https:\/\/sofienviaje.com\/en\/about-me\/","og_site_name":"Sofi En Viaje","article_modified_time":"2024-03-01T10:27:57+00:00","og_image":[{"url":"https:\/\/sofienviaje.com\/wp-content\/uploads\/2024\/02\/img_7587.jpg","type":"","width":"","height":""}],"twitter_card":"summary_large_image","twitter_misc":{"Est. reading time":"2 minutes"},"schema":{"@context":"https:\/\/schema.org","@graph":[{"@type":"WebPage","@id":"https:\/\/sofienviaje.com\/about-me\/","url":"https:\/\/sofienviaje.com\/about-me\/","name":"Sobre m\u00ed &#8212; Sofi En Viaje %","isPartOf":{"@id":"https:\/\/sofienviaje.com\/#website"},"primaryImageOfPage":{"@id":"https:\/\/sofienviaje.com\/about-me\/#primaryimage"},"image":{"@id":"https:\/\/sofienviaje.com\/about-me\/#primaryimage"},"thumbnailUrl":"https:\/\/sofienviaje.com\/wp-content\/uploads\/2024\/02\/img_7587.jpg","datePublished":"2024-02-08T10:18:30+00:00","dateModified":"2024-03-01T10:27:57+00:00","description":"qui\u00e9n es Sofi D'alesio, la periodista y autora de sofi en viaje, el blog con consejos para viajar por italia y el mundo.","breadcrumb":{"@id":"https:\/\/sofienviaje.com\/about-me\/#breadcrumb"},"inLanguage":"en-US","potentialAction":[{"@type":"ReadAction","target":["https:\/\/sofienviaje.com\/about-me\/"]}]},{"@type":"ImageObject","inLanguage":"en-US","@id":"https:\/\/sofienviaje.com\/about-me\/#primaryimage","url":"https:\/\/sofienviaje.com\/wp-content\/uploads\/2024\/02\/img_7587.jpg","contentUrl":"https:\/\/sofienviaje.com\/wp-content\/uploads\/2024\/02\/img_7587.jpg"},{"@type":"BreadcrumbList","@id":"https:\/\/sofienviaje.com\/about-me\/#breadcrumb","itemListElement":[{"@type":"ListItem","position":1,"name":"Inicio","item":"https:\/\/sofienviaje.com\/"},{"@type":"ListItem","position":2,"name":"Sobre m\u00ed"}]},{"@type":"WebSite","@id":"https:\/\/sofienviaje.com\/#website","url":"https:\/\/sofienviaje.com\/","name":"En Viaje","description":"Travel tips and life in Italy","publisher":{"@id":"https:\/\/sofienviaje.com\/#organization"},"potentialAction":[{"@type":"SearchAction","target":{"@type":"EntryPoint","urlTemplate":"https:\/\/sofienviaje.com\/?s={search_term_string}"},"query-input":{"@type":"PropertyValueSpecification","valueRequired":true,"valueName":"search_term_string"}}],"inLanguage":"en-US"},{"@type":"Organization","@id":"https:\/\/sofienviaje.com\/#organization","name":"Sofi Traveling","url":"https:\/\/sofienviaje.com\/","logo":{"@type":"ImageObject","inLanguage":"en-US","@id":"https:\/\/sofienviaje.com\/#\/schema\/logo\/image\/","url":"https:\/\/sofienviaje.com\/wp-content\/uploads\/2026\/02\/Pink-Bold-Colorful-Handwritten-Lifestyle-Blogger-Logo-2.png","contentUrl":"https:\/\/sofienviaje.com\/wp-content\/uploads\/2026\/02\/Pink-Bold-Colorful-Handwritten-Lifestyle-Blogger-Logo-2.png","width":500,"height":500,"caption":"Sofi En Viaje"},"image":{"@id":"https:\/\/sofienviaje.com\/#\/schema\/logo\/image\/"}}]}},"_links":{"self":[{"href":"https:\/\/sofienviaje.com\/en\/wp-json\/wp\/v2\/pages\/65","targetHints":{"allow":["GET"]}}],"collection":[{"href":"https:\/\/sofienviaje.com\/en\/wp-json\/wp\/v2\/pages"}],"about":[{"href":"https:\/\/sofienviaje.com\/en\/wp-json\/wp\/v2\/types\/page"}],"author":[{"embeddable":true,"href":"https:\/\/sofienviaje.com\/en\/wp-json\/wp\/v2\/users\/2"}],"replies":[{"embeddable":true,"href":"https:\/\/sofienviaje.com\/en\/wp-json\/wp\/v2\/comments?post=65"}],"version-history":[{"count":5,"href":"https:\/\/sofienviaje.com\/en\/wp-json\/wp\/v2\/pages\/65\/revisions"}],"predecessor-version":[{"id":1372,"href":"https:\/\/sofienviaje.com\/en\/wp-json\/wp\/v2\/pages\/65\/revisions\/1372"}],"wp:attachment":[{"href":"https:\/\/sofienviaje.com\/en\/wp-json\/wp\/v2\/media?parent=65"}],"curies":[{"name":"wp","href":"https:\/\/api.w.org\/{rel}","templated":true}]}}