{"id":61,"date":"2024-02-08T11:18:28","date_gmt":"2024-02-08T10:18:28","guid":{"rendered":"https:\/\/sofienviaje.wordpress.com\/?page_id=61"},"modified":"2026-02-20T09:45:02","modified_gmt":"2026-02-20T12:45:02","slug":"descuentos","status":"publish","type":"page","link":"https:\/\/sofienviaje.com\/en\/descuentos\/","title":{"rendered":"Discounts"},"content":{"rendered":"<p>Hay ciertos pasos fundamentales a la hora de <a href=\"https:\/\/sofienviaje.com\/en\/category\/tips-viajeros\/\" target=\"_blank\" rel=\"noreferrer noopener\">planificar un viaje<\/a> internacional. Seguro de viajes, tel\u00e9fonos, transportes y una larga lista de puntos importantes. Por eso, no hay nada como tener un descuento para poder ahorrar un poco.<\/p>\n\n\n\n<p>Para que sea m\u00e1s f\u00e1cil, les quiero compartir una lista con descuentos y c\u00f3digos para que puedan aprovechar.<\/p>\n\n\n\n<p><\/p>\n\n\n\n<h2 class=\"wp-block-heading has-medium-font-size\">C\u00f3digo de descuento ASSIST 365<\/h2>\n\n\n\n<p>Es de vital importancia tener un seguro al viajero para prevenir situaciones de salud mientras se esta realizando un viaje al exterior. No solo por una cuesti\u00f3n econ\u00f3mica sino qu\u00e9 tambi\u00e9n de seguridad personal.<\/p>\n\n\n\n<p><a href=\"https:\/\/assist-365.com\/it?voucher=SOFISHOW\">Assist 365<\/a> ofrece varias opciones que se adaptan perfecto a cada tipo de viaje y viajero. Sus principales beneficios son:<\/p>\n\n\n\n<p>-Fechas flexibles: podes comprar ahora y cambiar la fecha sin costo hasta el d\u00eda previo a viajar.<\/p>\n\n\n\n<p>-Cancelaci\u00f3n gratuita<\/p>\n\n\n\n<p>-Podes renovar mientras segu\u00eds en viaje de forma online.<\/p>\n\n\n\n<p>-Si vivis en Argentina, podes pagar en pesos.<\/p>\n\n\n\n<p>Haciendo <a href=\"https:\/\/assist-365.com\/it?voucher=SOFISHOW\">click aqu\u00ed <\/a>podes conocer sus planes y usando mi c\u00f3digo SOFISHOW vas a recibir encima un 5 por ciento de descuento. <\/p>\n\n\n<div class=\"wp-block-image\">\n<figure class=\"aligncenter\"><img loading=\"lazy\" decoding=\"async\" width=\"292\" height=\"518\" src=\"https:\/\/sofienviaje.com\/wp-content\/uploads\/2024\/02\/assist.png\" alt=\"\" class=\"wp-image-148\" srcset=\"https:\/\/sofienviaje.com\/wp-content\/uploads\/2024\/02\/assist.png 292w, https:\/\/sofienviaje.com\/wp-content\/uploads\/2024\/02\/assist-169x300.png 169w\" sizes=\"auto, (max-width: 292px) 100vw, 292px\" \/><\/figure>\n<\/div>\n\n\n<p><\/p>\n\n\n\n<h2 class=\"wp-block-heading has-medium-font-size\">C\u00f3digo de descuento para hacer un tour en barco por Capri o la Costa Amalfitana<\/h2>\n\n\n\n<p>Uno de los mejores planes para recorrer la isla de Capri o los ic\u00f3nicos pueblitos como Positano y Amalfi es, sin dudas, hacerlo via mar. <br><\/p>\n\n\n\n<p><a href=\"https:\/\/spritzandboat.com\/\" target=\"_blank\" rel=\"noreferrer noopener\">Spritz and Boat<\/a> ofrece tanto tours privados, para poder disfrutar al m\u00e1ximo de la experiencia con tus seres queridos, familia y amigos o tours compartidos para quienes prefieran socializar con otras personas.<\/p>\n\n\n\n<p>Para que no te lo pierdas, te dejo un descuento del 5% off para que reserves ya tu tour en barco privado y disfrutes al m\u00e1ximo del verano italiano. Por otra parte, si reservas un tour compartido, te regalo \u20ac5 de descuento por persona!<\/p>\n\n\n\n<p>Pod\u00e9s contactarlos <a href=\"https:\/\/wa.me\/message\/ARG32BMB7YSJI1\" target=\"_blank\" rel=\"noreferrer noopener\">por Whatsapp<\/a> directamente!<\/p>\n\n\n\n<p><\/p>\n\n\n<div class=\"wp-block-image\">\n<figure class=\"aligncenter size-large is-resized\"><img loading=\"lazy\" decoding=\"async\" width=\"576\" height=\"1024\" src=\"https:\/\/sofienviaje.com\/wp-content\/uploads\/2025\/05\/Spritz-and-boat-5-OFF-576x1024.jpg\" alt=\"descuento barcos ssofid\" class=\"wp-image-2483\" style=\"width:367px;height:auto\" srcset=\"https:\/\/sofienviaje.com\/wp-content\/uploads\/2025\/05\/Spritz-and-boat-5-OFF-576x1024.jpg 576w, https:\/\/sofienviaje.com\/wp-content\/uploads\/2025\/05\/Spritz-and-boat-5-OFF-169x300.jpg 169w, https:\/\/sofienviaje.com\/wp-content\/uploads\/2025\/05\/Spritz-and-boat-5-OFF-768x1365.jpg 768w, https:\/\/sofienviaje.com\/wp-content\/uploads\/2025\/05\/Spritz-and-boat-5-OFF-864x1536.jpg 864w, https:\/\/sofienviaje.com\/wp-content\/uploads\/2025\/05\/Spritz-and-boat-5-OFF.jpg 1080w\" sizes=\"auto, (max-width: 576px) 100vw, 576px\" \/><\/figure>\n<\/div>\n\n\n<p><\/p>\n\n\n\n<h2 class=\"wp-block-heading has-medium-font-size\">C\u00f3digo de descuento para hacer un tour en Vespa por la Costa Amalfitana<\/h2>\n\n\n\n<p>Si alguna vez so\u00f1aste con recorrer esta hermosa zona de Italia arriba de esta moto ic\u00f3nica, entonces esto es para vos. Podes organizar una excursion de 7 horas por los pueblos mas ic\u00f3nicos junto a un gu\u00eda especializado que te lleva a recorrer y conocer todo sobre la cultura, gastronom\u00eda e historia de la Costa Amalfitana.<\/p>\n\n\n\n<p>Te regalo \u20ac15 <strong>de descuento<\/strong> para que hagas tu tour junto a YourBuddyOnTheCoast! Podes hablarle en espa\u00f1ol directamente a trav\u00e9s de <a href=\"https:\/\/www.yourbuddyonthecoast.com\/home\" target=\"_blank\" rel=\"noreferrer noopener\">su sitio web oficial<\/a> o de <a href=\"https:\/\/www.instagram.com\/yourbuddyonthecoast\/\" target=\"_blank\" rel=\"noreferrer noopener\">Instagram<\/a> y usar el c\u00f3digo <strong>SOFI<\/strong> para tener este beneficio!<\/p>\n\n\n\n<p><\/p>\n\n\n<div class=\"wp-block-image\">\n<figure class=\"aligncenter size-large is-resized\"><img loading=\"lazy\" decoding=\"async\" width=\"576\" height=\"1024\" src=\"https:\/\/sofienviaje.com\/wp-content\/uploads\/2024\/06\/5-OFF-2-576x1024.png\" alt=\"\" class=\"wp-image-1895\" style=\"width:342px;height:auto\" srcset=\"https:\/\/sofienviaje.com\/wp-content\/uploads\/2024\/06\/5-OFF-2-576x1024.png 576w, https:\/\/sofienviaje.com\/wp-content\/uploads\/2024\/06\/5-OFF-2-169x300.png 169w, https:\/\/sofienviaje.com\/wp-content\/uploads\/2024\/06\/5-OFF-2-768x1365.png 768w, https:\/\/sofienviaje.com\/wp-content\/uploads\/2024\/06\/5-OFF-2-864x1536.png 864w, https:\/\/sofienviaje.com\/wp-content\/uploads\/2024\/06\/5-OFF-2.png 1080w\" sizes=\"auto, (max-width: 576px) 100vw, 576px\" \/><\/figure>\n<\/div>\n\n\n<p><\/p>\n\n\n\n<h2 class=\"wp-block-heading has-medium-font-size\">Walking tours gratuitos por toda Italia!<\/h2>\n\n\n\n<p>La mejor forma de conocer las ciudades mas ic\u00f3nicas alrededor del mundo es realizando un tour a pie de forma gratuita. La plataforma <strong>Civitatis<\/strong> ofrece los mejores y m\u00e1s famosos free walking tours. As\u00ed que para que vos tambi\u00e9n puedas disfrutar de uno, <a href=\"https:\/\/www.civitatis.com\/es\/italia\/?aid=104475&amp;cmp=free_walking_tours\" target=\"_blank\" rel=\"noreferrer noopener\">entra en este link <\/a>y busca tu destino preferido.<\/p>\n\n\n\n<p>Free walking tours sugeridos:<\/p>\n\n\n\n<p><a href=\"https:\/\/www.civitatis.com\/es\/napoles\/free-tour-miradores-callejones\/?aid=104475\" target=\"_blank\" rel=\"noreferrer noopener\">Free tour por los miradores y callejones de N\u00e1poles<\/a><\/p>\n\n\n\n<p><a href=\"https:\/\/www.civitatis.com\/es\/roma\/free-tour-roma\/?aid=104475\" target=\"_blank\" rel=\"noreferrer noopener\">Free tour por Roma<\/a><\/p>\n\n\n\n<p><a href=\"https:\/\/www.civitatis.com\/es\/florencia\/free-tour-florencia\/?aid=104475\" target=\"_blank\" rel=\"noreferrer noopener\">Free tour por Firenze<\/a><\/p>\n\n\n\n<p><a href=\"https:\/\/www.civitatis.com\/es\/verona\/free-tour-verona\/?aid=104475\" target=\"_blank\" rel=\"noreferrer noopener\">Free tour por Verona<\/a><\/p>\n\n\n\n<p><a href=\"https:\/\/www.civitatis.com\/es\/napoles\/free-tour-napoles-antiguo\/?aid=104475\" target=\"_blank\" rel=\"noreferrer noopener\">Free tour por el N\u00e1poles antiguo<\/a><\/p>\n\n\n<div class=\"wp-block-image\">\n<figure class=\"aligncenter is-resized\"><img loading=\"lazy\" decoding=\"async\" width=\"2560\" height=\"1440\" src=\"https:\/\/sofienviaje.com\/wp-content\/uploads\/2025\/05\/civitavis-scaled.jpeg\" alt=\"civitatis free walking tour italia\" class=\"wp-image-2477\" style=\"width:524px;height:auto\" srcset=\"https:\/\/sofienviaje.com\/wp-content\/uploads\/2025\/05\/civitavis-scaled.jpeg 2560w, https:\/\/sofienviaje.com\/wp-content\/uploads\/2025\/05\/civitavis-300x169.jpeg 300w, https:\/\/sofienviaje.com\/wp-content\/uploads\/2025\/05\/civitavis-1024x576.jpeg 1024w, https:\/\/sofienviaje.com\/wp-content\/uploads\/2025\/05\/civitavis-768x432.jpeg 768w, https:\/\/sofienviaje.com\/wp-content\/uploads\/2025\/05\/civitavis-1536x864.jpeg 1536w, https:\/\/sofienviaje.com\/wp-content\/uploads\/2025\/05\/civitavis-2048x1152.jpeg 2048w, https:\/\/sofienviaje.com\/wp-content\/uploads\/2025\/05\/civitavis-1140x641.jpeg 1140w\" sizes=\"auto, (max-width: 2560px) 100vw, 2560px\" \/><\/figure>\n<\/div>\n\n\n<p><\/p>\n\n\n\n<p><\/p>\n\n\n\n<h2 class=\"wp-block-heading has-medium-font-size\">Descuento para comprar productos argentinos con env\u00edo a toda Europa!<\/h2>\n\n\n\n<p><\/p>\n\n\n\n<p>Si est\u00e1s extra\u00f1ando los productos argentinos que son imposibles de conseguir ac\u00e1 o si te gustar\u00eda enviarle un regalo a alguien especial que esta en Europa, este descuento definitivamente te va a interesar.<\/p>\n\n\n\n<p>Usando mi c\u00f3digo <strong>SOFID05<\/strong> pod\u00e9s acceder a un 5% OFF en tu compra online de productos argentinos de <a href=\"https:\/\/elalmacendelanonna.com\" target=\"_blank\" rel=\"noreferrer noopener\">El Almacen de la Nonna<\/a>!<\/p>\n\n\n<div class=\"wp-block-image\">\n<figure class=\"aligncenter is-resized\"><img loading=\"lazy\" decoding=\"async\" width=\"1080\" height=\"1920\" src=\"https:\/\/sofienviaje.com\/wp-content\/uploads\/2026\/02\/almacen-della-nonna-5-OFF.jpg\" alt=\"\" class=\"wp-image-3181\" style=\"aspect-ratio:0.5625078474867116;object-fit:contain;width:331px;height:auto\" srcset=\"https:\/\/sofienviaje.com\/wp-content\/uploads\/2026\/02\/almacen-della-nonna-5-OFF.jpg 1080w, https:\/\/sofienviaje.com\/wp-content\/uploads\/2026\/02\/almacen-della-nonna-5-OFF-169x300.jpg 169w, https:\/\/sofienviaje.com\/wp-content\/uploads\/2026\/02\/almacen-della-nonna-5-OFF-576x1024.jpg 576w, https:\/\/sofienviaje.com\/wp-content\/uploads\/2026\/02\/almacen-della-nonna-5-OFF-768x1365.jpg 768w, https:\/\/sofienviaje.com\/wp-content\/uploads\/2026\/02\/almacen-della-nonna-5-OFF-864x1536.jpg 864w, https:\/\/sofienviaje.com\/wp-content\/uploads\/2026\/02\/almacen-della-nonna-5-OFF-7x12.jpg 7w\" sizes=\"auto, (max-width: 1080px) 100vw, 1080px\" \/><\/figure>\n<\/div>","protected":false},"excerpt":{"rendered":"<p>Hay ciertos pasos fundamentales a la hora de planificar un viaje internacional. Seguro de viajes, tel\u00e9fonos, transportes y una larga lista de puntos importantes. Por eso, no hay nada como tener un descuento para poder ahorrar un poco. Para que sea m\u00e1s f\u00e1cil, les quiero compartir una lista con descuentos y c\u00f3digos para que puedan aprovechar. C\u00f3digo de descuento ASSIST 365 Es de vital importancia tener un seguro al viajero para prevenir situaciones de salud mientras se esta realizando un viaje al exterior. No solo por una cuesti\u00f3n econ\u00f3mica sino qu\u00e9 tambi\u00e9n de seguridad personal. Assist 365 ofrece varias opciones que se adaptan perfecto a cada tipo de viaje y viajero. Sus principales beneficios son: -Fechas flexibles: podes comprar ahora y cambiar la fecha sin costo hasta el d\u00eda previo a viajar. -Cancelaci\u00f3n gratuita -Podes renovar mientras segu\u00eds en viaje de forma online. -Si vivis en Argentina, podes pagar en pesos. Haciendo click aqu\u00ed podes conocer sus planes y usando mi c\u00f3digo SOFISHOW vas a recibir encima un 5 por ciento de descuento. C\u00f3digo de descuento para hacer un tour en barco por Capri o la Costa Amalfitana Uno de los mejores planes para recorrer la isla de Capri o los ic\u00f3nicos pueblitos como Positano y Amalfi es, sin dudas, hacerlo via mar. Spritz and Boat ofrece tanto tours privados, para poder disfrutar al m\u00e1ximo de la experiencia con tus seres queridos, familia y amigos o tours compartidos para quienes prefieran socializar con otras personas. Para que no te lo pierdas, te dejo un descuento del 5% off para que reserves ya tu tour en barco privado y disfrutes al m\u00e1ximo del verano italiano. Por otra parte, si reservas un tour compartido, te regalo \u20ac5 de descuento por persona! Pod\u00e9s contactarlos por Whatsapp directamente! C\u00f3digo de descuento para hacer un tour en Vespa por la Costa Amalfitana Si alguna vez so\u00f1aste con recorrer esta hermosa zona de Italia arriba de esta moto ic\u00f3nica, entonces esto es para vos. Podes organizar una excursion de 7 horas por los pueblos mas ic\u00f3nicos junto a un gu\u00eda especializado que te lleva a recorrer y conocer todo sobre la cultura, gastronom\u00eda e historia de la Costa Amalfitana. Te regalo \u20ac15 de descuento para que hagas tu tour junto a YourBuddyOnTheCoast! Podes hablarle en espa\u00f1ol directamente a trav\u00e9s de su sitio web oficial o de Instagram y usar el c\u00f3digo SOFI para tener este beneficio! Walking tours gratuitos por toda Italia! La mejor forma de conocer las ciudades mas ic\u00f3nicas alrededor del mundo es realizando un tour a pie de forma gratuita. La plataforma Civitatis ofrece los mejores y m\u00e1s famosos free walking tours. As\u00ed que para que vos tambi\u00e9n puedas disfrutar de uno, entra en este link y busca tu destino preferido. Free walking tours sugeridos: Free tour por los miradores y callejones de N\u00e1poles Free tour por Roma Free tour por Firenze Free tour por Verona Free tour por el N\u00e1poles antiguo Descuento para comprar productos argentinos con env\u00edo a toda Europa! Si est\u00e1s extra\u00f1ando los productos argentinos que son imposibles de conseguir ac\u00e1 o si te gustar\u00eda enviarle un regalo a alguien especial que esta en Europa, este descuento definitivamente te va a interesar. Usando mi c\u00f3digo SOFID05 pod\u00e9s acceder a un 5% OFF en tu compra online de productos argentinos de El Almacen de la Nonna!<\/p>","protected":false},"author":2,"featured_media":0,"parent":0,"menu_order":0,"comment_status":"closed","ping_status":"closed","template":"","meta":{"_uf_show_specific_survey":0,"_uf_disable_surveys":false,"footnotes":""},"class_list":["post-61","page","type-page","status-publish","hentry"],"yoast_head":"<!-- This site is optimized with the Yoast SEO plugin v27.6 - https:\/\/yoast.com\/product\/yoast-seo-wordpress\/ -->\n<title>Descuentos &#8212; Sofi En Viaje %<\/title>\n<meta name=\"description\" content=\"Codigos de descuentos y ofertas para que tu viaje sea seguro y gastes la menor cantidad de dinero posible. Descuento de seguro al viajero.\" \/>\n<meta name=\"robots\" content=\"index, follow, max-snippet:-1, max-image-preview:large, max-video-preview:-1\" \/>\n<link rel=\"canonical\" href=\"https:\/\/sofienviaje.com\/en\/descuentos\/\" \/>\n<meta property=\"og:locale\" content=\"en_US\" \/>\n<meta property=\"og:type\" content=\"article\" \/>\n<meta property=\"og:title\" content=\"Descuentos &#8212; Sofi En Viaje %\" \/>\n<meta property=\"og:description\" content=\"Codigos de descuentos y ofertas para que tu viaje sea seguro y gastes la menor cantidad de dinero posible. Descuento de seguro al viajero.\" \/>\n<meta property=\"og:url\" content=\"https:\/\/sofienviaje.com\/en\/descuentos\/\" \/>\n<meta property=\"og:site_name\" content=\"Sofi En Viaje\" \/>\n<meta property=\"article:modified_time\" content=\"2026-02-20T12:45:02+00:00\" \/>\n<meta property=\"og:image\" content=\"https:\/\/sofienviaje.com\/wp-content\/uploads\/2024\/02\/assist.png\" \/>\n\t<meta property=\"og:image:width\" content=\"292\" \/>\n\t<meta property=\"og:image:height\" content=\"518\" \/>\n\t<meta property=\"og:image:type\" content=\"image\/png\" \/>\n<meta name=\"twitter:card\" content=\"summary_large_image\" \/>\n<meta name=\"twitter:label1\" content=\"Est. reading time\" \/>\n\t<meta name=\"twitter:data1\" content=\"4 minutes\" \/>\n<script type=\"application\/ld+json\" class=\"yoast-schema-graph\">{\"@context\":\"https:\\\/\\\/schema.org\",\"@graph\":[{\"@type\":\"WebPage\",\"@id\":\"https:\\\/\\\/sofienviaje.com\\\/descuentos\\\/\",\"url\":\"https:\\\/\\\/sofienviaje.com\\\/descuentos\\\/\",\"name\":\"Descuentos &#8212; Sofi En Viaje %\",\"isPartOf\":{\"@id\":\"https:\\\/\\\/sofienviaje.com\\\/#website\"},\"primaryImageOfPage\":{\"@id\":\"https:\\\/\\\/sofienviaje.com\\\/descuentos\\\/#primaryimage\"},\"image\":{\"@id\":\"https:\\\/\\\/sofienviaje.com\\\/descuentos\\\/#primaryimage\"},\"thumbnailUrl\":\"https:\\\/\\\/sofienviaje.com\\\/wp-content\\\/uploads\\\/2024\\\/02\\\/assist.png\",\"datePublished\":\"2024-02-08T10:18:28+00:00\",\"dateModified\":\"2026-02-20T12:45:02+00:00\",\"description\":\"Codigos de descuentos y ofertas para que tu viaje sea seguro y gastes la menor cantidad de dinero posible. Descuento de seguro al viajero.\",\"breadcrumb\":{\"@id\":\"https:\\\/\\\/sofienviaje.com\\\/descuentos\\\/#breadcrumb\"},\"inLanguage\":\"en-US\",\"potentialAction\":[{\"@type\":\"ReadAction\",\"target\":[\"https:\\\/\\\/sofienviaje.com\\\/descuentos\\\/\"]}]},{\"@type\":\"ImageObject\",\"inLanguage\":\"en-US\",\"@id\":\"https:\\\/\\\/sofienviaje.com\\\/descuentos\\\/#primaryimage\",\"url\":\"https:\\\/\\\/sofienviaje.com\\\/wp-content\\\/uploads\\\/2024\\\/02\\\/assist.png\",\"contentUrl\":\"https:\\\/\\\/sofienviaje.com\\\/wp-content\\\/uploads\\\/2024\\\/02\\\/assist.png\"},{\"@type\":\"BreadcrumbList\",\"@id\":\"https:\\\/\\\/sofienviaje.com\\\/descuentos\\\/#breadcrumb\",\"itemListElement\":[{\"@type\":\"ListItem\",\"position\":1,\"name\":\"Inicio\",\"item\":\"https:\\\/\\\/sofienviaje.com\\\/\"},{\"@type\":\"ListItem\",\"position\":2,\"name\":\"Descuentos\"}]},{\"@type\":\"WebSite\",\"@id\":\"https:\\\/\\\/sofienviaje.com\\\/#website\",\"url\":\"https:\\\/\\\/sofienviaje.com\\\/\",\"name\":\"En Viaje\",\"description\":\"Consejos viajeros y la vida en Italia\",\"publisher\":{\"@id\":\"https:\\\/\\\/sofienviaje.com\\\/#organization\"},\"potentialAction\":[{\"@type\":\"SearchAction\",\"target\":{\"@type\":\"EntryPoint\",\"urlTemplate\":\"https:\\\/\\\/sofienviaje.com\\\/?s={search_term_string}\"},\"query-input\":{\"@type\":\"PropertyValueSpecification\",\"valueRequired\":true,\"valueName\":\"search_term_string\"}}],\"inLanguage\":\"en-US\"},{\"@type\":\"Organization\",\"@id\":\"https:\\\/\\\/sofienviaje.com\\\/#organization\",\"name\":\"Sofi En Viaje\",\"url\":\"https:\\\/\\\/sofienviaje.com\\\/\",\"logo\":{\"@type\":\"ImageObject\",\"inLanguage\":\"en-US\",\"@id\":\"https:\\\/\\\/sofienviaje.com\\\/#\\\/schema\\\/logo\\\/image\\\/\",\"url\":\"https:\\\/\\\/sofienviaje.com\\\/wp-content\\\/uploads\\\/2026\\\/02\\\/Pink-Bold-Colorful-Handwritten-Lifestyle-Blogger-Logo-2.png\",\"contentUrl\":\"https:\\\/\\\/sofienviaje.com\\\/wp-content\\\/uploads\\\/2026\\\/02\\\/Pink-Bold-Colorful-Handwritten-Lifestyle-Blogger-Logo-2.png\",\"width\":500,\"height\":500,\"caption\":\"Sofi En Viaje\"},\"image\":{\"@id\":\"https:\\\/\\\/sofienviaje.com\\\/#\\\/schema\\\/logo\\\/image\\\/\"}}]}<\/script>\n<!-- \/ Yoast SEO plugin. -->","yoast_head_json":{"title":"Descuentos &#8212; Sofi En Viaje %","description":"Codigos de descuentos y ofertas para que tu viaje sea seguro y gastes la menor cantidad de dinero posible. Descuento de seguro al viajero.","robots":{"index":"index","follow":"follow","max-snippet":"max-snippet:-1","max-image-preview":"max-image-preview:large","max-video-preview":"max-video-preview:-1"},"canonical":"https:\/\/sofienviaje.com\/en\/descuentos\/","og_locale":"en_US","og_type":"article","og_title":"Descuentos &#8212; Sofi En Viaje %","og_description":"Codigos de descuentos y ofertas para que tu viaje sea seguro y gastes la menor cantidad de dinero posible. Descuento de seguro al viajero.","og_url":"https:\/\/sofienviaje.com\/en\/descuentos\/","og_site_name":"Sofi En Viaje","article_modified_time":"2026-02-20T12:45:02+00:00","og_image":[{"width":292,"height":518,"url":"https:\/\/sofienviaje.com\/wp-content\/uploads\/2024\/02\/assist.png","type":"image\/png"}],"twitter_card":"summary_large_image","twitter_misc":{"Est. reading time":"4 minutes"},"schema":{"@context":"https:\/\/schema.org","@graph":[{"@type":"WebPage","@id":"https:\/\/sofienviaje.com\/descuentos\/","url":"https:\/\/sofienviaje.com\/descuentos\/","name":"Descuentos &#8212; Sofi En Viaje %","isPartOf":{"@id":"https:\/\/sofienviaje.com\/#website"},"primaryImageOfPage":{"@id":"https:\/\/sofienviaje.com\/descuentos\/#primaryimage"},"image":{"@id":"https:\/\/sofienviaje.com\/descuentos\/#primaryimage"},"thumbnailUrl":"https:\/\/sofienviaje.com\/wp-content\/uploads\/2024\/02\/assist.png","datePublished":"2024-02-08T10:18:28+00:00","dateModified":"2026-02-20T12:45:02+00:00","description":"Codigos de descuentos y ofertas para que tu viaje sea seguro y gastes la menor cantidad de dinero posible. Descuento de seguro al viajero.","breadcrumb":{"@id":"https:\/\/sofienviaje.com\/descuentos\/#breadcrumb"},"inLanguage":"en-US","potentialAction":[{"@type":"ReadAction","target":["https:\/\/sofienviaje.com\/descuentos\/"]}]},{"@type":"ImageObject","inLanguage":"en-US","@id":"https:\/\/sofienviaje.com\/descuentos\/#primaryimage","url":"https:\/\/sofienviaje.com\/wp-content\/uploads\/2024\/02\/assist.png","contentUrl":"https:\/\/sofienviaje.com\/wp-content\/uploads\/2024\/02\/assist.png"},{"@type":"BreadcrumbList","@id":"https:\/\/sofienviaje.com\/descuentos\/#breadcrumb","itemListElement":[{"@type":"ListItem","position":1,"name":"Inicio","item":"https:\/\/sofienviaje.com\/"},{"@type":"ListItem","position":2,"name":"Descuentos"}]},{"@type":"WebSite","@id":"https:\/\/sofienviaje.com\/#website","url":"https:\/\/sofienviaje.com\/","name":"En Viaje","description":"Travel tips and life in Italy","publisher":{"@id":"https:\/\/sofienviaje.com\/#organization"},"potentialAction":[{"@type":"SearchAction","target":{"@type":"EntryPoint","urlTemplate":"https:\/\/sofienviaje.com\/?s={search_term_string}"},"query-input":{"@type":"PropertyValueSpecification","valueRequired":true,"valueName":"search_term_string"}}],"inLanguage":"en-US"},{"@type":"Organization","@id":"https:\/\/sofienviaje.com\/#organization","name":"Sofi Traveling","url":"https:\/\/sofienviaje.com\/","logo":{"@type":"ImageObject","inLanguage":"en-US","@id":"https:\/\/sofienviaje.com\/#\/schema\/logo\/image\/","url":"https:\/\/sofienviaje.com\/wp-content\/uploads\/2026\/02\/Pink-Bold-Colorful-Handwritten-Lifestyle-Blogger-Logo-2.png","contentUrl":"https:\/\/sofienviaje.com\/wp-content\/uploads\/2026\/02\/Pink-Bold-Colorful-Handwritten-Lifestyle-Blogger-Logo-2.png","width":500,"height":500,"caption":"Sofi En Viaje"},"image":{"@id":"https:\/\/sofienviaje.com\/#\/schema\/logo\/image\/"}}]}},"_links":{"self":[{"href":"https:\/\/sofienviaje.com\/en\/wp-json\/wp\/v2\/pages\/61","targetHints":{"allow":["GET"]}}],"collection":[{"href":"https:\/\/sofienviaje.com\/en\/wp-json\/wp\/v2\/pages"}],"about":[{"href":"https:\/\/sofienviaje.com\/en\/wp-json\/wp\/v2\/types\/page"}],"author":[{"embeddable":true,"href":"https:\/\/sofienviaje.com\/en\/wp-json\/wp\/v2\/users\/2"}],"replies":[{"embeddable":true,"href":"https:\/\/sofienviaje.com\/en\/wp-json\/wp\/v2\/comments?post=61"}],"version-history":[{"count":16,"href":"https:\/\/sofienviaje.com\/en\/wp-json\/wp\/v2\/pages\/61\/revisions"}],"predecessor-version":[{"id":3184,"href":"https:\/\/sofienviaje.com\/en\/wp-json\/wp\/v2\/pages\/61\/revisions\/3184"}],"wp:attachment":[{"href":"https:\/\/sofienviaje.com\/en\/wp-json\/wp\/v2\/media?parent=61"}],"curies":[{"name":"wp","href":"https:\/\/api.w.org\/{rel}","templated":true}]}}