{"id":3,"date":"2024-02-24T07:41:01","date_gmt":"2024-02-24T10:41:01","guid":{"rendered":"http:\/\/sofienviaje.com\/?page_id=3"},"modified":"2024-03-05T09:19:06","modified_gmt":"2024-03-05T12:19:06","slug":"politica-privacidad","status":"publish","type":"page","link":"https:\/\/sofienviaje.com\/en\/politica-privacidad\/","title":{"rendered":"Privacy Policy"},"content":{"rendered":"\n<h2 class=\"wp-block-heading\">Qui\u00e9nes somos<\/h2>\n\n\n\n<p>La direcci\u00f3n de nuestra web es: http:\/\/sofienviaje.com. En este blog de viajes, nos comprometemos a proteger la privacidad de nuestros usuarios. Esta Pol\u00edtica de Privacidad describe c\u00f3mo recopilamos, utilizamos y compartimos la informaci\u00f3n personal que usted nos proporciona a trav\u00e9s de nuestro blog.<\/p>\n\n\n\n<h2 class=\"wp-block-heading\">Comentarios<\/h2>\n\n\n\n<p>Cuando los visitantes dejan comentarios en la web, recopilamos los datos que se muestran en el formulario de comentarios, as\u00ed como la direcci\u00f3n IP del visitante y la cadena de agentes de usuario del navegador, para ayudar a la detecci\u00f3n de spam.<\/p>\n\n\n\n<p>Una cadena an\u00f3nima creada a partir de tu direcci\u00f3n de correo electr\u00f3nico (tambi\u00e9n llamada hash) puede ser proporcionada al servicio de Gravatar para ver si la est\u00e1s usando. La pol\u00edtica de privacidad del servicio Gravatar est\u00e1 disponible en https:\/\/automattic.com\/privacy\/. Despu\u00e9s de la aprobaci\u00f3n de tu comentario, la imagen de tu perfil ser\u00e1 visible para el p\u00fablico en el contexto de su comentario.<\/p>\n\n\n\n<h2 class=\"wp-block-heading\">Enlaces a otros sitios web<\/h2>\n\n\n\n<p>Nuestro blog puede contener enlaces a otros sitios web. No somos responsables de las pr\u00e1cticas de privacidad de esos sitios web. Le recomendamos que lea las pol\u00edticas de privacidad de cada sitio web que visite.<\/p>\n\n\n\n<h2 class=\"wp-block-heading\">Multimedia<\/h2>\n\n\n\n<p>Si sub\u00eds im\u00e1genes a la web deber\u00edas evitar subir im\u00e1genes con datos de ubicaci\u00f3n (GPS EXIF) incluidos. Los visitantes de la web pueden descargar y extraer cualquier dato de localizaci\u00f3n de las im\u00e1genes de la web.<\/p>\n\n\n\n<h2 class=\"wp-block-heading\">Cookies<\/h2>\n\n\n\n<p>Si dej\u00e1s un comentario en nuestro sitio, pod\u00e9s optar por guardar tu nombre, direcci\u00f3n de correo electr\u00f3nico y sitio web en las cookies. Estos son para tu conveniencia para que no tengas que volver a ingresar tus datos cuando dej\u00e9s otro comentario. Estas cookies durar\u00e1n un a\u00f1o.<\/p>\n\n\n\n<p>Si edit\u00e1s o public\u00e1s un art\u00edculo, se guardar\u00e1 una cookie adicional en tu navegador. Esta cookie no incluye datos personales y simplemente indica el ID de publicaci\u00f3n del art\u00edculo que acab\u00e1s de editar. Caduca despu\u00e9s de 1 d\u00eda.<\/p>\n\n\n\n<h2 class=\"wp-block-heading\">Contenido embebido desde otros sitios web<\/h2>\n\n\n\n<p>Los art\u00edculos en este sitio pueden incluir contenido incrustado (por ejemplo, videos, im\u00e1genes, art\u00edculos, etc.). El contenido incrustado de otros sitios web se comporta de la misma manera que si el visitante hubiera visitado el otro sitio web.<\/p>\n\n\n\n<p>Estos sitios web pueden recopilar tus datos, utilizar cookies, incrustar un sistema de seguimiento de terceros y supervisar su interacci\u00f3n con ese contenido incrustado, incluyendo el rastreo de tu interacci\u00f3n con el contenido incrustado si ten\u00e9s una cuenta y est\u00e1s conectado a ese sitio web.<\/p>\n\n\n\n<h2 class=\"wp-block-heading\">Con qui\u00e9n compartimos datos<\/h2>\n\n\n\n<p>Si solicit\u00e1s un restablecimiento de contrase\u00f1a, tu direcci\u00f3n IP ser\u00e1 incluida en el correo electr\u00f3nico de restablecimiento.<\/p>\n\n\n\n<h2 class=\"wp-block-heading\">Cu\u00e1nto tiempo guardamos tus datos<\/h2>\n\n\n\n<p>Si dej\u00e1s un comentario, el comentario y sus metadatos se conservan indefinidamente. Esto es para que podamos reconocer y aprobar cualquier comentario de seguimiento de forma autom\u00e1tica en lugar de mantenerlos en una cola de moderaci\u00f3n.<\/p>\n\n\n\n<h2 class=\"wp-block-heading\">Qu\u00e9 derechos ten\u00e9s sobre tus datos<\/h2>\n\n\n\n<p>Si ten\u00e9s una cuenta en este sitio o has dejado comentarios, pod\u00e9s solicitar un archivo exportado de los datos personales tuyos que tenemos, incluidos los datos que nos hayas proporcionado. Tambi\u00e9n pod\u00e9s solicitar que borremos cualquier dato personal tuyo que tengamos. Esto no incluye datos que estamos obligados a mantener para fines administrativos, legales o de seguridad.<\/p>\n\n\n\n<p>Para ejercer sus derechos, puede ponerse en contacto con nosotros a trav\u00e9s de la siguiente direcci\u00f3n de correo electr\u00f3nico: info@sofienviaje.com<\/p>\n\n\n\n<h2 class=\"wp-block-heading\">Cambios en la Pol\u00edtica de Privacidad<\/h2>\n\n\n\n<p>Nos reservamos el derecho de modificar esta Pol\u00edtica de Privacidad en cualquier momento. Le notificaremos cualquier cambio importante en la Pol\u00edtica de Privacidad por correo electr\u00f3nico o mediante un aviso en nuestro blog.<\/p>\n\n\n\n<h2 class=\"wp-block-heading\">Alojamiento web<\/h2>\n\n\n\n<p>Este blog est\u00e1 alojado en [Nombre del proveedor de alojamiento web]. El proveedor de alojamiento web tiene acceso a la informaci\u00f3n no personal que se recopila a trav\u00e9s de nuestro blog. El proveedor de alojamiento web no est\u00e1 autorizado a utilizar o compartir esta informaci\u00f3n para ning\u00fan otro prop\u00f3sito.<\/p>\n\n\n\n<h2 class=\"wp-block-heading\">Seguridad<\/h2>\n\n\n\n<p>Tomamos medidas razonables para proteger su informaci\u00f3n personal contra el acceso no autorizado, la divulgaci\u00f3n o el uso indebido. Sin embargo, no podemos garantizar la seguridad total de su informaci\u00f3n personal.<\/p>\n\n\n\n<h2 class=\"wp-block-heading\">D\u00f3nde se env\u00edan tus datos<\/h2>\n\n\n\n<p>Los comentarios de los visitantes se pueden verificar a trav\u00e9s de un servicio autom\u00e1tico de detecci\u00f3n de spam.<\/p>\n\n\n\n<h2 class=\"wp-block-heading\">Alojamiento web<\/h2>\n\n\n\n<p>Este blog est\u00e1 alojado en <a href=\"https:\/\/www.hostinger.it\/\" target=\"_blank\" rel=\"noreferrer noopener\">Hotinger<\/a>. El proveedor de alojamiento web tiene acceso a la informaci\u00f3n no personal que se recopila a trav\u00e9s de nuestro blog. El proveedor de alojamiento web no est\u00e1 autorizado a utilizar o compartir esta informaci\u00f3n para ning\u00fan otro prop\u00f3sito.<\/p>\n\n\n\n<h2 class=\"wp-block-heading\">Consentimiento<\/h2>\n\n\n\n<p>Al utilizar este blog, usted acepta los t\u00e9rminos de esta Pol\u00edtica de Privacidad<\/p>\n","protected":false},"excerpt":{"rendered":"<p>Qui\u00e9nes somos La direcci\u00f3n de nuestra web es: http:\/\/sofienviaje.com. En este blog de viajes, nos comprometemos a proteger la privacidad de nuestros usuarios. Esta Pol\u00edtica de Privacidad describe c\u00f3mo recopilamos, utilizamos y compartimos la informaci\u00f3n personal que usted nos proporciona a trav\u00e9s de nuestro blog. Comentarios Cuando los visitantes dejan comentarios en la web, recopilamos los datos que se muestran en el formulario de comentarios, as\u00ed como la direcci\u00f3n IP del visitante y la cadena de agentes de usuario del navegador, para ayudar a la detecci\u00f3n de spam. Una cadena an\u00f3nima creada a partir de tu direcci\u00f3n de correo electr\u00f3nico (tambi\u00e9n llamada hash) puede ser proporcionada al servicio de Gravatar para ver si la est\u00e1s usando. La pol\u00edtica de privacidad del servicio Gravatar est\u00e1 disponible en https:\/\/automattic.com\/privacy\/. Despu\u00e9s de la aprobaci\u00f3n de tu comentario, la imagen de tu perfil ser\u00e1 visible para el p\u00fablico en el contexto de su comentario. Enlaces a otros sitios web Nuestro blog puede contener enlaces a otros sitios web. No somos responsables de las pr\u00e1cticas de privacidad de esos sitios web. Le recomendamos que lea las pol\u00edticas de privacidad de cada sitio web que visite. Multimedia Si sub\u00eds im\u00e1genes a la web deber\u00edas evitar subir im\u00e1genes con datos de ubicaci\u00f3n (GPS EXIF) incluidos. Los visitantes de la web pueden descargar y extraer cualquier dato de localizaci\u00f3n de las im\u00e1genes de la web. Cookies Si dej\u00e1s un comentario en nuestro sitio, pod\u00e9s optar por guardar tu nombre, direcci\u00f3n de correo electr\u00f3nico y sitio web en las cookies. Estos son para tu conveniencia para que no tengas que volver a ingresar tus datos cuando dej\u00e9s otro comentario. Estas cookies durar\u00e1n un a\u00f1o. Si edit\u00e1s o public\u00e1s un art\u00edculo, se guardar\u00e1 una cookie adicional en tu navegador. Esta cookie no incluye datos personales y simplemente indica el ID de publicaci\u00f3n del art\u00edculo que acab\u00e1s de editar. Caduca despu\u00e9s de 1 d\u00eda. Contenido embebido desde otros sitios web Los art\u00edculos en este sitio pueden incluir contenido incrustado (por ejemplo, videos, im\u00e1genes, art\u00edculos, etc.). El contenido incrustado de otros sitios web se comporta de la misma manera que si el visitante hubiera visitado el otro sitio web. Estos sitios web pueden recopilar tus datos, utilizar cookies, incrustar un sistema de seguimiento de terceros y supervisar su interacci\u00f3n con ese contenido incrustado, incluyendo el rastreo de tu interacci\u00f3n con el contenido incrustado si ten\u00e9s una cuenta y est\u00e1s conectado a ese sitio web. Con qui\u00e9n compartimos datos Si solicit\u00e1s un restablecimiento de contrase\u00f1a, tu direcci\u00f3n IP ser\u00e1 incluida en el correo electr\u00f3nico de restablecimiento. Cu\u00e1nto tiempo guardamos tus datos Si dej\u00e1s un comentario, el comentario y sus metadatos se conservan indefinidamente. Esto es para que podamos reconocer y aprobar cualquier comentario de seguimiento de forma autom\u00e1tica en lugar de mantenerlos en una cola de moderaci\u00f3n. Qu\u00e9 derechos ten\u00e9s sobre tus datos Si ten\u00e9s una cuenta en este sitio o has dejado comentarios, pod\u00e9s solicitar un archivo exportado de los datos personales tuyos que tenemos, incluidos los datos que nos hayas proporcionado. Tambi\u00e9n pod\u00e9s solicitar que borremos cualquier dato personal tuyo que tengamos. Esto no incluye datos que estamos obligados a mantener para fines administrativos, legales o de seguridad. Para ejercer sus derechos, puede ponerse en contacto con nosotros a trav\u00e9s de la siguiente direcci\u00f3n de correo electr\u00f3nico: info@sofienviaje.com Cambios en la Pol\u00edtica de Privacidad Nos reservamos el derecho de modificar esta Pol\u00edtica de Privacidad en cualquier momento. Le notificaremos cualquier cambio importante en la Pol\u00edtica de Privacidad por correo electr\u00f3nico o mediante un aviso en nuestro blog. Alojamiento web Este blog est\u00e1 alojado en [Nombre del proveedor de alojamiento web]. El proveedor de alojamiento web tiene acceso a la informaci\u00f3n no personal que se recopila a trav\u00e9s de nuestro blog. El proveedor de alojamiento web no est\u00e1 autorizado a utilizar o compartir esta informaci\u00f3n para ning\u00fan otro prop\u00f3sito. Seguridad Tomamos medidas razonables para proteger su informaci\u00f3n personal contra el acceso no autorizado, la divulgaci\u00f3n o el uso indebido. Sin embargo, no podemos garantizar la seguridad total de su informaci\u00f3n personal. D\u00f3nde se env\u00edan tus datos Los comentarios de los visitantes se pueden verificar a trav\u00e9s de un servicio autom\u00e1tico de detecci\u00f3n de spam. Alojamiento web Este blog est\u00e1 alojado en Hotinger. El proveedor de alojamiento web tiene acceso a la informaci\u00f3n no personal que se recopila a trav\u00e9s de nuestro blog. El proveedor de alojamiento web no est\u00e1 autorizado a utilizar o compartir esta informaci\u00f3n para ning\u00fan otro prop\u00f3sito. Consentimiento Al utilizar este blog, usted acepta los t\u00e9rminos de esta Pol\u00edtica de Privacidad<\/p>\n","protected":false},"author":1,"featured_media":0,"parent":0,"menu_order":0,"comment_status":"closed","ping_status":"open","template":"","meta":{"_uf_show_specific_survey":0,"_uf_disable_surveys":false,"footnotes":""},"class_list":["post-3","page","type-page","status-publish","hentry"],"yoast_head":"<!-- This site is optimized with the Yoast SEO plugin v27.6 - https:\/\/yoast.com\/product\/yoast-seo-wordpress\/ -->\n<title>Pol\u00edtica de privacidad &#8212; Sofi En Viaje %<\/title>\n<meta name=\"description\" content=\"Lee con atenci\u00f3n la pol\u00edtica de privacidad de Sofi En Viaje.\" \/>\n<meta name=\"robots\" content=\"index, follow, max-snippet:-1, max-image-preview:large, max-video-preview:-1\" \/>\n<link rel=\"canonical\" href=\"https:\/\/sofienviaje.com\/en\/politica-privacidad\/\" \/>\n<meta property=\"og:locale\" content=\"en_US\" \/>\n<meta property=\"og:type\" content=\"article\" \/>\n<meta property=\"og:title\" content=\"Pol\u00edtica de privacidad &#8212; Sofi En Viaje %\" \/>\n<meta property=\"og:description\" content=\"Lee con atenci\u00f3n la pol\u00edtica de privacidad de Sofi En Viaje.\" \/>\n<meta property=\"og:url\" content=\"https:\/\/sofienviaje.com\/en\/politica-privacidad\/\" \/>\n<meta property=\"og:site_name\" content=\"Sofi En Viaje\" \/>\n<meta property=\"article:modified_time\" content=\"2024-03-05T12:19:06+00:00\" \/>\n<meta property=\"og:image\" content=\"https:\/\/sofienviaje.com\/wp-content\/uploads\/2026\/02\/Pink-Bold-Colorful-Handwritten-Lifestyle-Blogger-Logo.png\" \/>\n\t<meta property=\"og:image:width\" content=\"500\" \/>\n\t<meta property=\"og:image:height\" content=\"500\" \/>\n\t<meta property=\"og:image:type\" content=\"image\/png\" \/>\n<meta name=\"twitter:card\" content=\"summary_large_image\" \/>\n<meta name=\"twitter:label1\" content=\"Est. reading time\" \/>\n\t<meta name=\"twitter:data1\" content=\"4 minutes\" \/>\n<script type=\"application\/ld+json\" class=\"yoast-schema-graph\">{\"@context\":\"https:\\\/\\\/schema.org\",\"@graph\":[{\"@type\":\"WebPage\",\"@id\":\"https:\\\/\\\/sofienviaje.com\\\/politica-privacidad\\\/\",\"url\":\"https:\\\/\\\/sofienviaje.com\\\/politica-privacidad\\\/\",\"name\":\"Pol\u00edtica de privacidad &#8212; Sofi En Viaje %\",\"isPartOf\":{\"@id\":\"https:\\\/\\\/sofienviaje.com\\\/#website\"},\"datePublished\":\"2024-02-24T10:41:01+00:00\",\"dateModified\":\"2024-03-05T12:19:06+00:00\",\"description\":\"Lee con atenci\u00f3n la pol\u00edtica de privacidad de Sofi En Viaje.\",\"breadcrumb\":{\"@id\":\"https:\\\/\\\/sofienviaje.com\\\/politica-privacidad\\\/#breadcrumb\"},\"inLanguage\":\"en-US\",\"potentialAction\":[{\"@type\":\"ReadAction\",\"target\":[\"https:\\\/\\\/sofienviaje.com\\\/politica-privacidad\\\/\"]}]},{\"@type\":\"BreadcrumbList\",\"@id\":\"https:\\\/\\\/sofienviaje.com\\\/politica-privacidad\\\/#breadcrumb\",\"itemListElement\":[{\"@type\":\"ListItem\",\"position\":1,\"name\":\"Inicio\",\"item\":\"https:\\\/\\\/sofienviaje.com\\\/\"},{\"@type\":\"ListItem\",\"position\":2,\"name\":\"Pol\u00edtica de privacidad\"}]},{\"@type\":\"WebSite\",\"@id\":\"https:\\\/\\\/sofienviaje.com\\\/#website\",\"url\":\"https:\\\/\\\/sofienviaje.com\\\/\",\"name\":\"En Viaje\",\"description\":\"Consejos viajeros y la vida en Italia\",\"publisher\":{\"@id\":\"https:\\\/\\\/sofienviaje.com\\\/#organization\"},\"potentialAction\":[{\"@type\":\"SearchAction\",\"target\":{\"@type\":\"EntryPoint\",\"urlTemplate\":\"https:\\\/\\\/sofienviaje.com\\\/?s={search_term_string}\"},\"query-input\":{\"@type\":\"PropertyValueSpecification\",\"valueRequired\":true,\"valueName\":\"search_term_string\"}}],\"inLanguage\":\"en-US\"},{\"@type\":\"Organization\",\"@id\":\"https:\\\/\\\/sofienviaje.com\\\/#organization\",\"name\":\"Sofi En Viaje\",\"url\":\"https:\\\/\\\/sofienviaje.com\\\/\",\"logo\":{\"@type\":\"ImageObject\",\"inLanguage\":\"en-US\",\"@id\":\"https:\\\/\\\/sofienviaje.com\\\/#\\\/schema\\\/logo\\\/image\\\/\",\"url\":\"https:\\\/\\\/sofienviaje.com\\\/wp-content\\\/uploads\\\/2026\\\/02\\\/Pink-Bold-Colorful-Handwritten-Lifestyle-Blogger-Logo-2.png\",\"contentUrl\":\"https:\\\/\\\/sofienviaje.com\\\/wp-content\\\/uploads\\\/2026\\\/02\\\/Pink-Bold-Colorful-Handwritten-Lifestyle-Blogger-Logo-2.png\",\"width\":500,\"height\":500,\"caption\":\"Sofi En Viaje\"},\"image\":{\"@id\":\"https:\\\/\\\/sofienviaje.com\\\/#\\\/schema\\\/logo\\\/image\\\/\"}}]}<\/script>\n<!-- \/ Yoast SEO plugin. -->","yoast_head_json":{"title":"Pol\u00edtica de privacidad &#8212; Sofi En Viaje %","description":"Lee con atenci\u00f3n la pol\u00edtica de privacidad de Sofi En Viaje.","robots":{"index":"index","follow":"follow","max-snippet":"max-snippet:-1","max-image-preview":"max-image-preview:large","max-video-preview":"max-video-preview:-1"},"canonical":"https:\/\/sofienviaje.com\/en\/politica-privacidad\/","og_locale":"en_US","og_type":"article","og_title":"Pol\u00edtica de privacidad &#8212; Sofi En Viaje %","og_description":"Lee con atenci\u00f3n la pol\u00edtica de privacidad de Sofi En Viaje.","og_url":"https:\/\/sofienviaje.com\/en\/politica-privacidad\/","og_site_name":"Sofi En Viaje","article_modified_time":"2024-03-05T12:19:06+00:00","og_image":[{"width":500,"height":500,"url":"https:\/\/sofienviaje.com\/wp-content\/uploads\/2026\/02\/Pink-Bold-Colorful-Handwritten-Lifestyle-Blogger-Logo.png","type":"image\/png"}],"twitter_card":"summary_large_image","twitter_misc":{"Est. reading time":"4 minutes"},"schema":{"@context":"https:\/\/schema.org","@graph":[{"@type":"WebPage","@id":"https:\/\/sofienviaje.com\/politica-privacidad\/","url":"https:\/\/sofienviaje.com\/politica-privacidad\/","name":"Pol\u00edtica de privacidad &#8212; Sofi En Viaje %","isPartOf":{"@id":"https:\/\/sofienviaje.com\/#website"},"datePublished":"2024-02-24T10:41:01+00:00","dateModified":"2024-03-05T12:19:06+00:00","description":"Lee con atenci\u00f3n la pol\u00edtica de privacidad de Sofi En Viaje.","breadcrumb":{"@id":"https:\/\/sofienviaje.com\/politica-privacidad\/#breadcrumb"},"inLanguage":"en-US","potentialAction":[{"@type":"ReadAction","target":["https:\/\/sofienviaje.com\/politica-privacidad\/"]}]},{"@type":"BreadcrumbList","@id":"https:\/\/sofienviaje.com\/politica-privacidad\/#breadcrumb","itemListElement":[{"@type":"ListItem","position":1,"name":"Inicio","item":"https:\/\/sofienviaje.com\/"},{"@type":"ListItem","position":2,"name":"Pol\u00edtica de privacidad"}]},{"@type":"WebSite","@id":"https:\/\/sofienviaje.com\/#website","url":"https:\/\/sofienviaje.com\/","name":"En Viaje","description":"Travel tips and life in Italy","publisher":{"@id":"https:\/\/sofienviaje.com\/#organization"},"potentialAction":[{"@type":"SearchAction","target":{"@type":"EntryPoint","urlTemplate":"https:\/\/sofienviaje.com\/?s={search_term_string}"},"query-input":{"@type":"PropertyValueSpecification","valueRequired":true,"valueName":"search_term_string"}}],"inLanguage":"en-US"},{"@type":"Organization","@id":"https:\/\/sofienviaje.com\/#organization","name":"Sofi Traveling","url":"https:\/\/sofienviaje.com\/","logo":{"@type":"ImageObject","inLanguage":"en-US","@id":"https:\/\/sofienviaje.com\/#\/schema\/logo\/image\/","url":"https:\/\/sofienviaje.com\/wp-content\/uploads\/2026\/02\/Pink-Bold-Colorful-Handwritten-Lifestyle-Blogger-Logo-2.png","contentUrl":"https:\/\/sofienviaje.com\/wp-content\/uploads\/2026\/02\/Pink-Bold-Colorful-Handwritten-Lifestyle-Blogger-Logo-2.png","width":500,"height":500,"caption":"Sofi En Viaje"},"image":{"@id":"https:\/\/sofienviaje.com\/#\/schema\/logo\/image\/"}}]}},"_links":{"self":[{"href":"https:\/\/sofienviaje.com\/en\/wp-json\/wp\/v2\/pages\/3","targetHints":{"allow":["GET"]}}],"collection":[{"href":"https:\/\/sofienviaje.com\/en\/wp-json\/wp\/v2\/pages"}],"about":[{"href":"https:\/\/sofienviaje.com\/en\/wp-json\/wp\/v2\/types\/page"}],"author":[{"embeddable":true,"href":"https:\/\/sofienviaje.com\/en\/wp-json\/wp\/v2\/users\/1"}],"replies":[{"embeddable":true,"href":"https:\/\/sofienviaje.com\/en\/wp-json\/wp\/v2\/comments?post=3"}],"version-history":[{"count":5,"href":"https:\/\/sofienviaje.com\/en\/wp-json\/wp\/v2\/pages\/3\/revisions"}],"predecessor-version":[{"id":1454,"href":"https:\/\/sofienviaje.com\/en\/wp-json\/wp\/v2\/pages\/3\/revisions\/1454"}],"wp:attachment":[{"href":"https:\/\/sofienviaje.com\/en\/wp-json\/wp\/v2\/media?parent=3"}],"curies":[{"name":"wp","href":"https:\/\/api.w.org\/{rel}","templated":true}]}}