{"id":1447,"date":"2024-03-06T13:04:44","date_gmt":"2024-03-06T16:04:44","guid":{"rendered":"https:\/\/sofienviaje.com\/?page_id=1447"},"modified":"2024-04-08T08:02:26","modified_gmt":"2024-04-08T11:02:26","slug":"links-ssofid","status":"publish","type":"page","link":"https:\/\/sofienviaje.com\/en\/links-ssofid\/","title":{"rendered":"Links @ssofid"},"content":{"rendered":"<p class=\"has-text-align-center\">Te dejo links \u00fatiles con informaci\u00f3n que te va a servir para organizar tu pr\u00f3ximo viaje! \u2708\ufe0f<\/p>\n\n\n\n<p><\/p>\n\n\n\n<p><\/p>\n\n\n\n<div class=\"wp-block-buttons is-content-justification-center is-layout-flex wp-container-core-buttons-is-layout-a89b3969 wp-block-buttons-is-layout-flex\">\n<div class=\"wp-block-button has-custom-width wp-block-button__width-75 is-style-outline is-style-outline--1\"><a class=\"wp-block-button__link has-text-align-center wp-element-button\" href=\"https:\/\/sofienviaje.com\/en\/donde-alojarse-en-sorrento\/\" target=\"_blank\" rel=\"noreferrer noopener\">\ud83c\udfe8 D\u00f3nde alojarse en <strong>Sorrento<\/strong>: hoteles y B&amp;B \ud83d\udecf\ufe0f <\/a><\/div>\n<\/div>\n\n\n\n<p><\/p>\n\n\n\n<div class=\"wp-block-buttons is-content-justification-center is-layout-flex wp-container-core-buttons-is-layout-a89b3969 wp-block-buttons-is-layout-flex\">\n<div class=\"wp-block-button has-custom-width wp-block-button__width-75 is-style-outline is-style-outline--2\"><a class=\"wp-block-button__link wp-element-button\" href=\"https:\/\/sofienviaje.com\/en\/donde-dormir-en-la-costa-amalfitana\/\" target=\"_blank\" rel=\"noreferrer noopener\">\ud83c\uddee\ud83c\uddf9 D\u00f3nde alojarse en la <strong>Costa Amalfitana<\/strong> \ud83c\udf4b<\/a><\/div>\n<\/div>\n\n\n\n<p><\/p>\n\n\n\n<div class=\"wp-block-buttons is-content-justification-center is-layout-flex wp-container-core-buttons-is-layout-a89b3969 wp-block-buttons-is-layout-flex\">\n<div class=\"wp-block-button has-custom-width wp-block-button__width-75 is-style-outline is-style-outline--3\"><a class=\"wp-block-button__link wp-element-button\" href=\"https:\/\/amzn.to\/3P9BQm7\" target=\"_blank\" rel=\"noreferrer noopener\">\ud83c\udf92 La mejor <strong>MOCHILA<\/strong> para viajar en aviones low cost \ud83d\udee9\ufe0f<\/a><\/div>\n<\/div>\n\n\n\n<p><\/p>\n\n\n\n<div class=\"wp-block-buttons is-content-justification-center is-layout-flex wp-container-core-buttons-is-layout-a89b3969 wp-block-buttons-is-layout-flex\">\n<div class=\"wp-block-button has-custom-width wp-block-button__width-75 is-style-outline is-style-outline--4\"><a class=\"wp-block-button__link wp-element-button\" href=\"https:\/\/assist-365.com\/it?voucher=SOFISHOW\" target=\"_blank\" rel=\"noreferrer noopener\">Contrata tu seguro de viaje con 5% de <strong>descuento<\/strong>! \ud83d\udcb8<\/a><\/div>\n<\/div>\n\n\n\n<p><\/p>\n\n\n\n<div class=\"wp-block-buttons is-content-justification-center is-layout-flex wp-container-core-buttons-is-layout-a89b3969 wp-block-buttons-is-layout-flex\">\n<div class=\"wp-block-button has-custom-width wp-block-button__width-75 is-style-outline is-style-outline--5\"><a class=\"wp-block-button__link wp-element-button\" href=\"https:\/\/www.civitatis.com\/es\/italia\/?aid=104475\" target=\"_blank\" rel=\"noreferrer noopener\">\ud83d\ude99 Reserva tus tours para explorar <strong>Italy<\/strong>! \ud83c\uddee\ud83c\uddf9<\/a><\/div>\n<\/div>\n\n\n\n<p><\/p>\n\n\n\n<div class=\"wp-block-buttons is-content-justification-center is-layout-flex wp-container-core-buttons-is-layout-a89b3969 wp-block-buttons-is-layout-flex\">\n<div class=\"wp-block-button has-custom-width wp-block-button__width-75 is-style-outline is-style-outline--6\"><a class=\"wp-block-button__link wp-element-button\" href=\"https:\/\/sofienviaje.com\/en\/\">\ud83d\udcf2 Visita mi <strong>blog<\/strong> completo y lee los \u00faltimos art\u00edculos<\/a><\/div>\n<\/div>\n\n\n\n<p><\/p>\n\n\n\n<div class=\"wp-block-buttons is-content-justification-center is-layout-flex wp-container-core-buttons-is-layout-72caf8c6 wp-block-buttons-is-layout-flex\">\n<div class=\"wp-block-button has-custom-width wp-block-button__width-75 is-style-outline is-style-outline--7\"><a class=\"wp-block-button__link wp-element-button\" href=\"https:\/\/revolut.com\/referral\/?referral-code=sofia9gp4!APR1-24-AR\" target=\"_blank\" rel=\"noreferrer noopener\">Unite a <strong>Revolut<\/strong> la mejor tarjeta digital para tus viajes \ud83d\udcb3<\/a><\/div>\n<\/div>\n\n\n\n<p><\/p>\n\n\n\n<div class=\"wp-block-buttons is-content-justification-center is-layout-flex wp-container-core-buttons-is-layout-a89b3969 wp-block-buttons-is-layout-flex\">\n<div class=\"wp-block-button has-custom-width wp-block-button__width-75 is-style-outline is-style-outline--8\"><a class=\"wp-block-button__link wp-element-button\" href=\"https:\/\/sofienviaje.com\/en\/50-actividades-para-hacer-en-sorrento\/\" target=\"_blank\" rel=\"noreferrer noopener\">\ud83c\udf4b 50 actividades para hacer en Sorrento \ud83e\udddc\ud83e\udddc\ud83c\udffb\u200d\u2640\ufe0f<\/a><\/div>\n<\/div>\n\n\n\n<div class=\"wp-block-buttons is-content-justification-center is-layout-flex wp-container-core-buttons-is-layout-a89b3969 wp-block-buttons-is-layout-flex\">\n<div class=\"wp-block-button has-custom-width wp-block-button__width-75 is-style-outline is-style-outline--9\"><a class=\"wp-block-button__link wp-element-button\" href=\"https:\/\/amzn.to\/432lOjL\" target=\"_blank\" rel=\"noreferrer noopener\">\ud83d\udd0c El mejor<strong> cargador port\u00e1til <\/strong>que uso para viajar \ud83d\udcbb<\/a><\/div>\n<\/div>\n\n\n\n<p><\/p>\n\n\n\n<div class=\"wp-block-buttons is-content-justification-center is-layout-flex wp-container-core-buttons-is-layout-a89b3969 wp-block-buttons-is-layout-flex\">\n<div class=\"wp-block-button has-custom-width wp-block-button__width-75 is-style-outline is-style-outline--10\"><a class=\"wp-block-button__link wp-element-button\" href=\"https:\/\/amzn.to\/3YixWte\" target=\"_blank\" rel=\"noreferrer noopener\">\ud83e\uddf4 Dispenser de shampoo para viajes<\/a><\/div>\n<\/div>\n\n\n\n<p><\/p>\n\n\n\n<p><\/p>\n\n\n\n<p><\/p>\n\n\n\n<p><\/p>\n\n\n\n<p><\/p>\n\n\n\n<p><\/p>","protected":false},"excerpt":{"rendered":"<p>Te dejo links \u00fatiles con informaci\u00f3n que te va a servir para organizar tu pr\u00f3ximo viaje! \u2708\ufe0f<\/p>","protected":false},"author":1,"featured_media":0,"parent":0,"menu_order":0,"comment_status":"closed","ping_status":"closed","template":"","meta":{"_uf_show_specific_survey":0,"_uf_disable_surveys":false,"footnotes":""},"class_list":["post-1447","page","type-page","status-publish","hentry"],"yoast_head":"<!-- This site is optimized with the Yoast SEO plugin v27.5 - https:\/\/yoast.com\/product\/yoast-seo-wordpress\/ -->\n<title>Links @ssofid &#8212; Sofi En Viaje %<\/title>\n<meta name=\"description\" content=\"Te comparto una lista de links que te van a servir para organizar tu proximo viaje. Desde el equipaje hasta tours y seguro con descuentos.\" \/>\n<meta name=\"robots\" content=\"index, follow, max-snippet:-1, max-image-preview:large, max-video-preview:-1\" \/>\n<link rel=\"canonical\" href=\"https:\/\/sofienviaje.com\/en\/links-ssofid\/\" \/>\n<meta property=\"og:locale\" content=\"en_US\" \/>\n<meta property=\"og:type\" content=\"article\" \/>\n<meta property=\"og:title\" content=\"Links @ssofid &#8212; Sofi En Viaje %\" \/>\n<meta property=\"og:description\" content=\"Te comparto una lista de links que te van a servir para organizar tu proximo viaje. Desde el equipaje hasta tours y seguro con descuentos.\" \/>\n<meta property=\"og:url\" content=\"https:\/\/sofienviaje.com\/en\/links-ssofid\/\" \/>\n<meta property=\"og:site_name\" content=\"Sofi En Viaje\" \/>\n<meta property=\"article:modified_time\" content=\"2024-04-08T11:02:26+00:00\" \/>\n<meta property=\"og:image\" content=\"https:\/\/sofienviaje.com\/wp-content\/uploads\/2026\/02\/Pink-Bold-Colorful-Handwritten-Lifestyle-Blogger-Logo.png\" \/>\n\t<meta property=\"og:image:width\" content=\"500\" \/>\n\t<meta property=\"og:image:height\" content=\"500\" \/>\n\t<meta property=\"og:image:type\" content=\"image\/png\" \/>\n<meta name=\"twitter:card\" content=\"summary_large_image\" \/>\n<meta name=\"twitter:label1\" content=\"Est. reading time\" \/>\n\t<meta name=\"twitter:data1\" content=\"1 minute\" \/>\n<script type=\"application\/ld+json\" class=\"yoast-schema-graph\">{\"@context\":\"https:\\\/\\\/schema.org\",\"@graph\":[{\"@type\":\"WebPage\",\"@id\":\"https:\\\/\\\/sofienviaje.com\\\/links-ssofid\\\/\",\"url\":\"https:\\\/\\\/sofienviaje.com\\\/links-ssofid\\\/\",\"name\":\"Links @ssofid &#8212; Sofi En Viaje %\",\"isPartOf\":{\"@id\":\"https:\\\/\\\/sofienviaje.com\\\/#website\"},\"datePublished\":\"2024-03-06T16:04:44+00:00\",\"dateModified\":\"2024-04-08T11:02:26+00:00\",\"description\":\"Te comparto una lista de links que te van a servir para organizar tu proximo viaje. Desde el equipaje hasta tours y seguro con descuentos.\",\"breadcrumb\":{\"@id\":\"https:\\\/\\\/sofienviaje.com\\\/links-ssofid\\\/#breadcrumb\"},\"inLanguage\":\"en-US\",\"potentialAction\":[{\"@type\":\"ReadAction\",\"target\":[\"https:\\\/\\\/sofienviaje.com\\\/links-ssofid\\\/\"]}]},{\"@type\":\"BreadcrumbList\",\"@id\":\"https:\\\/\\\/sofienviaje.com\\\/links-ssofid\\\/#breadcrumb\",\"itemListElement\":[{\"@type\":\"ListItem\",\"position\":1,\"name\":\"Inicio\",\"item\":\"https:\\\/\\\/sofienviaje.com\\\/\"},{\"@type\":\"ListItem\",\"position\":2,\"name\":\"Links @ssofid\"}]},{\"@type\":\"WebSite\",\"@id\":\"https:\\\/\\\/sofienviaje.com\\\/#website\",\"url\":\"https:\\\/\\\/sofienviaje.com\\\/\",\"name\":\"En Viaje\",\"description\":\"Consejos viajeros y la vida en Italia\",\"publisher\":{\"@id\":\"https:\\\/\\\/sofienviaje.com\\\/#organization\"},\"potentialAction\":[{\"@type\":\"SearchAction\",\"target\":{\"@type\":\"EntryPoint\",\"urlTemplate\":\"https:\\\/\\\/sofienviaje.com\\\/?s={search_term_string}\"},\"query-input\":{\"@type\":\"PropertyValueSpecification\",\"valueRequired\":true,\"valueName\":\"search_term_string\"}}],\"inLanguage\":\"en-US\"},{\"@type\":\"Organization\",\"@id\":\"https:\\\/\\\/sofienviaje.com\\\/#organization\",\"name\":\"Sofi En Viaje\",\"url\":\"https:\\\/\\\/sofienviaje.com\\\/\",\"logo\":{\"@type\":\"ImageObject\",\"inLanguage\":\"en-US\",\"@id\":\"https:\\\/\\\/sofienviaje.com\\\/#\\\/schema\\\/logo\\\/image\\\/\",\"url\":\"https:\\\/\\\/sofienviaje.com\\\/wp-content\\\/uploads\\\/2026\\\/02\\\/Pink-Bold-Colorful-Handwritten-Lifestyle-Blogger-Logo-2.png\",\"contentUrl\":\"https:\\\/\\\/sofienviaje.com\\\/wp-content\\\/uploads\\\/2026\\\/02\\\/Pink-Bold-Colorful-Handwritten-Lifestyle-Blogger-Logo-2.png\",\"width\":500,\"height\":500,\"caption\":\"Sofi En Viaje\"},\"image\":{\"@id\":\"https:\\\/\\\/sofienviaje.com\\\/#\\\/schema\\\/logo\\\/image\\\/\"}}]}<\/script>\n<!-- \/ Yoast SEO plugin. -->","yoast_head_json":{"title":"Links @ssofid &#8212; Sofi En Viaje %","description":"Te comparto una lista de links que te van a servir para organizar tu proximo viaje. Desde el equipaje hasta tours y seguro con descuentos.","robots":{"index":"index","follow":"follow","max-snippet":"max-snippet:-1","max-image-preview":"max-image-preview:large","max-video-preview":"max-video-preview:-1"},"canonical":"https:\/\/sofienviaje.com\/en\/links-ssofid\/","og_locale":"en_US","og_type":"article","og_title":"Links @ssofid &#8212; Sofi En Viaje %","og_description":"Te comparto una lista de links que te van a servir para organizar tu proximo viaje. Desde el equipaje hasta tours y seguro con descuentos.","og_url":"https:\/\/sofienviaje.com\/en\/links-ssofid\/","og_site_name":"Sofi En Viaje","article_modified_time":"2024-04-08T11:02:26+00:00","og_image":[{"width":500,"height":500,"url":"https:\/\/sofienviaje.com\/wp-content\/uploads\/2026\/02\/Pink-Bold-Colorful-Handwritten-Lifestyle-Blogger-Logo.png","type":"image\/png"}],"twitter_card":"summary_large_image","twitter_misc":{"Est. reading time":"1 minute"},"schema":{"@context":"https:\/\/schema.org","@graph":[{"@type":"WebPage","@id":"https:\/\/sofienviaje.com\/links-ssofid\/","url":"https:\/\/sofienviaje.com\/links-ssofid\/","name":"Links @ssofid &#8212; Sofi En Viaje %","isPartOf":{"@id":"https:\/\/sofienviaje.com\/#website"},"datePublished":"2024-03-06T16:04:44+00:00","dateModified":"2024-04-08T11:02:26+00:00","description":"Te comparto una lista de links que te van a servir para organizar tu proximo viaje. Desde el equipaje hasta tours y seguro con descuentos.","breadcrumb":{"@id":"https:\/\/sofienviaje.com\/links-ssofid\/#breadcrumb"},"inLanguage":"en-US","potentialAction":[{"@type":"ReadAction","target":["https:\/\/sofienviaje.com\/links-ssofid\/"]}]},{"@type":"BreadcrumbList","@id":"https:\/\/sofienviaje.com\/links-ssofid\/#breadcrumb","itemListElement":[{"@type":"ListItem","position":1,"name":"Inicio","item":"https:\/\/sofienviaje.com\/"},{"@type":"ListItem","position":2,"name":"Links @ssofid"}]},{"@type":"WebSite","@id":"https:\/\/sofienviaje.com\/#website","url":"https:\/\/sofienviaje.com\/","name":"En Viaje","description":"Travel tips and life in Italy","publisher":{"@id":"https:\/\/sofienviaje.com\/#organization"},"potentialAction":[{"@type":"SearchAction","target":{"@type":"EntryPoint","urlTemplate":"https:\/\/sofienviaje.com\/?s={search_term_string}"},"query-input":{"@type":"PropertyValueSpecification","valueRequired":true,"valueName":"search_term_string"}}],"inLanguage":"en-US"},{"@type":"Organization","@id":"https:\/\/sofienviaje.com\/#organization","name":"Sofi Traveling","url":"https:\/\/sofienviaje.com\/","logo":{"@type":"ImageObject","inLanguage":"en-US","@id":"https:\/\/sofienviaje.com\/#\/schema\/logo\/image\/","url":"https:\/\/sofienviaje.com\/wp-content\/uploads\/2026\/02\/Pink-Bold-Colorful-Handwritten-Lifestyle-Blogger-Logo-2.png","contentUrl":"https:\/\/sofienviaje.com\/wp-content\/uploads\/2026\/02\/Pink-Bold-Colorful-Handwritten-Lifestyle-Blogger-Logo-2.png","width":500,"height":500,"caption":"Sofi En Viaje"},"image":{"@id":"https:\/\/sofienviaje.com\/#\/schema\/logo\/image\/"}}]}},"_links":{"self":[{"href":"https:\/\/sofienviaje.com\/en\/wp-json\/wp\/v2\/pages\/1447","targetHints":{"allow":["GET"]}}],"collection":[{"href":"https:\/\/sofienviaje.com\/en\/wp-json\/wp\/v2\/pages"}],"about":[{"href":"https:\/\/sofienviaje.com\/en\/wp-json\/wp\/v2\/types\/page"}],"author":[{"embeddable":true,"href":"https:\/\/sofienviaje.com\/en\/wp-json\/wp\/v2\/users\/1"}],"replies":[{"embeddable":true,"href":"https:\/\/sofienviaje.com\/en\/wp-json\/wp\/v2\/comments?post=1447"}],"version-history":[{"count":9,"href":"https:\/\/sofienviaje.com\/en\/wp-json\/wp\/v2\/pages\/1447\/revisions"}],"predecessor-version":[{"id":1719,"href":"https:\/\/sofienviaje.com\/en\/wp-json\/wp\/v2\/pages\/1447\/revisions\/1719"}],"wp:attachment":[{"href":"https:\/\/sofienviaje.com\/en\/wp-json\/wp\/v2\/media?parent=1447"}],"curies":[{"name":"wp","href":"https:\/\/api.w.org\/{rel}","templated":true}]}}